{"id":4290,"date":"2026-01-07T12:13:53","date_gmt":"2026-01-07T15:13:53","guid":{"rendered":"https:\/\/www.leticialampert.com.br\/product\/\/"},"modified":"2026-03-10T13:41:17","modified_gmt":"2026-03-10T16:41:17","slug":"ha-uma-cidade-por-tras","status":"publish","type":"product","link":"https:\/\/www.leticialampert.com.br\/en\/product\/there-is-a-city-behind\/","title":{"rendered":"There is a city behind"},"content":{"rendered":"<p><strong>There is a city behind<\/strong>, 2026&nbsp;<\/p>\n<p>While advertising shouts, architecture whispers. History, memories, and local identity are hidden\u2014or flanked\u2014by signs and supposedly unmissable promotions. Who sells cheaper? Who shouts louder? Starting from a local situation\u2014the Independ\u00eancia Street, popularly known as Rua Grande, in S\u00e3o Leopoldo, RS\u2014this book presents a question common to so many Brazilian cities: landscapes filled with stories that fade beneath ever-larger brands and slogans driven by calls to consumption. In the contemporary city, is even the landscape for sale?<\/p>\n<p>1st edition | 64 pages | 11 \u00d7 18 cm<br data-start=\"756\" data-end=\"759\" \/>Saddle-stitched binding with French fold<br \/>\n<span class=\"s1\">ISBN 9786501857589<\/span><\/p>\n","protected":false},"excerpt":{"rendered":"<p>There is a city behind, 2026&nbsp; While advertising shouts, architecture whispers. History, memories, and local identity are hidden\u2014or flanked\u2014by signs and supposedly unmissable promotions. Who sells cheaper? Who shouts louder? Starting from a local situation\u2014the Independ\u00eancia Street, popularly known as Rua Grande, in S\u00e3o Leopoldo, RS\u2014this book presents a question &hellip;<\/p>\n<div class=\"wrap-excerpt-more\"><a class=\"excerpt-more\" href=\"https:\/\/www.leticialampert.com.br\/en\/product\/there-is-a-city-behind\/\">Read more<\/a><\/div>\n","protected":false},"featured_media":4331,"template":"","meta":[],"product_brand":[],"product_cat":[24],"product_tag":[],"class_list":{"0":"post-4290","1":"product","2":"type-product","3":"status-publish","4":"has-post-thumbnail","6":"product_cat-sem-categoria","7":"product_shipping_class-livro","8":"post--featured-image","10":"first","11":"instock","12":"sale","13":"taxable","14":"shipping-taxable","15":"purchasable","16":"product-type-simple"},"yoast_head":"<!-- This site is optimized with the Yoast SEO plugin v27.4 - https:\/\/yoast.com\/product\/yoast-seo-wordpress\/ -->\n<title>There is a city behind<\/title>\n<meta name=\"description\" content=\"There is a city behind, 2026&nbsp; While advertising shouts, architecture whispers. History, memories, and local identity are hidden\u2014or flanked\u2014by signs and supposedly unmissable promotions. Who sells cheaper? Who shouts louder? Starting from a local situation\u2014the Independ\u00eancia Street, popularly known as Rua Grande, in S\u00e3o Leopoldo, RS\u2014this book presents a question common to so many Brazilian&hellip;\" \/>\n<meta name=\"robots\" content=\"index, follow, max-snippet:-1, max-image-preview:large, max-video-preview:-1\" \/>\n<link rel=\"canonical\" href=\"http:\/\/There%20is%20a%20city%20behind,%202026&nbsp;%20While%20advertising%20shouts,%20architecture%20whispers.%20History,%20memories,%20and%20local%20identity%20are%20hidden\u2014or%20flanked\u2014by%20signs%20and%20supposedly%20unmissable%20promotions.%20Who%20sells%20cheaper?%20Who%20shouts%20louder?%20Starting%20from%20a%20local%20situation\u2014the%20Independ\u00eancia%20Street,%20popularly%20known%20as%20Rua%20Grande,%20in%20S\u00e3o%20Leopoldo,%20RS\u2014this%20book%20presents%20a%20question%20common%20to%20so%20many%20Brazilian&hellip;\" \/>\n<meta property=\"og:locale\" content=\"en_US\" \/>\n<meta property=\"og:type\" content=\"article\" \/>\n<meta property=\"og:title\" content=\"There is a city behind\" \/>\n<meta property=\"og:description\" content=\"There is a city behind, 2026&nbsp; While advertising shouts, architecture whispers. History, memories, and local identity are hidden\u2014or flanked\u2014by signs and supposedly unmissable promotions. Who sells cheaper? Who shouts louder? Starting from a local situation\u2014the Independ\u00eancia Street, popularly known as Rua Grande, in S\u00e3o Leopoldo, RS\u2014this book presents a question common to so many Brazilian&hellip;\" \/>\n<meta property=\"og:url\" content=\"https:\/\/www.leticialampert.com.br\/en\/product\/there-is-a-city-behind\/\" \/>\n<meta property=\"og:site_name\" content=\"LET\u00cdCIA LAMPERT\" \/>\n<meta property=\"article:publisher\" content=\"https:\/\/www.facebook.com\/leticia.lampert\" \/>\n<meta property=\"article:modified_time\" content=\"2026-03-10T16:41:17+00:00\" \/>\n<meta property=\"og:image\" content=\"https:\/\/www.leticialampert.com.br\/wp-content\/uploads\/2026\/01\/livro12-quadrado.jpg\" \/>\n\t<meta property=\"og:image:width\" content=\"1000\" \/>\n\t<meta property=\"og:image:height\" content=\"1000\" \/>\n\t<meta property=\"og:image:type\" content=\"image\/jpeg\" \/>\n<script type=\"application\/ld+json\" class=\"yoast-schema-graph\">{\"@context\":\"https:\\\/\\\/schema.org\",\"@graph\":[{\"@type\":\"WebPage\",\"@id\":\"https:\\\/\\\/www.leticialampert.com.br\\\/en\\\/product\\\/there-is-a-city-behind\\\/\",\"url\":\"https:\\\/\\\/www.leticialampert.com.br\\\/en\\\/product\\\/there-is-a-city-behind\\\/\",\"name\":\"H\u00e1 uma cidade por tr\u00e1s | Livro de Fotografia de Let\u00edcia Lampert\",\"isPartOf\":{\"@id\":\"https:\\\/\\\/www.leticialampert.com.br\\\/#website\"},\"primaryImageOfPage\":{\"@id\":\"https:\\\/\\\/www.leticialampert.com.br\\\/en\\\/product\\\/there-is-a-city-behind\\\/#primaryimage\"},\"image\":{\"@id\":\"https:\\\/\\\/www.leticialampert.com.br\\\/en\\\/product\\\/there-is-a-city-behind\\\/#primaryimage\"},\"thumbnailUrl\":\"https:\\\/\\\/www.leticialampert.com.br\\\/wp-content\\\/uploads\\\/2026\\\/01\\\/livro12-quadrado.jpg\",\"datePublished\":\"2026-01-07T15:13:53+00:00\",\"dateModified\":\"2026-03-10T16:41:17+00:00\",\"description\":\"O mais novo lan\u00e7amento de Let\u00edcia Lampert, H\u00e1 uma cidade por tr\u00e1s \u00e9 um livro de fotografias que discute as rela\u00e7\u00f5es entre arquitetura e publicidade. Garanta o seu!\",\"breadcrumb\":{\"@id\":\"https:\\\/\\\/www.leticialampert.com.br\\\/en\\\/product\\\/there-is-a-city-behind\\\/#breadcrumb\"},\"inLanguage\":\"en-US\",\"potentialAction\":[{\"@type\":\"ReadAction\",\"target\":[\"https:\\\/\\\/www.leticialampert.com.br\\\/en\\\/product\\\/there-is-a-city-behind\\\/\"]}]},{\"@type\":\"ImageObject\",\"inLanguage\":\"en-US\",\"@id\":\"https:\\\/\\\/www.leticialampert.com.br\\\/en\\\/product\\\/there-is-a-city-behind\\\/#primaryimage\",\"url\":\"https:\\\/\\\/www.leticialampert.com.br\\\/wp-content\\\/uploads\\\/2026\\\/01\\\/livro12-quadrado.jpg\",\"contentUrl\":\"https:\\\/\\\/www.leticialampert.com.br\\\/wp-content\\\/uploads\\\/2026\\\/01\\\/livro12-quadrado.jpg\",\"width\":1000,\"height\":1000},{\"@type\":\"BreadcrumbList\",\"@id\":\"https:\\\/\\\/www.leticialampert.com.br\\\/en\\\/product\\\/there-is-a-city-behind\\\/#breadcrumb\",\"itemListElement\":[{\"@type\":\"ListItem\",\"position\":1,\"name\":\"Home\",\"item\":\"https:\\\/\\\/www.leticialampert.com.br\\\/\"},{\"@type\":\"ListItem\",\"position\":2,\"name\":\"There is a city behind\"}]},{\"@type\":\"WebSite\",\"@id\":\"https:\\\/\\\/www.leticialampert.com.br\\\/en\\\/#website\",\"url\":\"https:\\\/\\\/www.leticialampert.com.br\\\/en\\\/\",\"name\":\"LET\u00cdCIA LAMPERT\",\"description\":\"Art | Photography\",\"publisher\":{\"@id\":\"https:\\\/\\\/www.leticialampert.com.br\\\/en\\\/#organization\"},\"potentialAction\":[{\"@type\":\"SearchAction\",\"target\":{\"@type\":\"EntryPoint\",\"urlTemplate\":\"https:\\\/\\\/www.leticialampert.com.br\\\/en\\\/?s={search_term_string}\"},\"query-input\":{\"@type\":\"PropertyValueSpecification\",\"valueRequired\":true,\"valueName\":\"search_term_string\"}}],\"inLanguage\":\"en-US\"},{\"@type\":\"Organization\",\"@id\":\"https:\\\/\\\/www.leticialampert.com.br\\\/en\\\/#organization\",\"name\":\"LET\u00cdCIA LAMPERT\",\"url\":\"https:\\\/\\\/www.leticialampert.com.br\\\/en\\\/\",\"logo\":{\"@type\":\"ImageObject\",\"inLanguage\":\"en-US\",\"@id\":\"https:\\\/\\\/www.leticialampert.com.br\\\/en\\\/#\\\/schema\\\/logo\\\/image\\\/\",\"url\":\"https:\\\/\\\/www.leticialampert.com.br\\\/wp-content\\\/uploads\\\/2016\\\/07\\\/leticia_site_g.jpg\",\"contentUrl\":\"https:\\\/\\\/www.leticialampert.com.br\\\/wp-content\\\/uploads\\\/2016\\\/07\\\/leticia_site_g.jpg\",\"width\":760,\"height\":160,\"caption\":\"LET\u00cdCIA LAMPERT\"},\"image\":{\"@id\":\"https:\\\/\\\/www.leticialampert.com.br\\\/en\\\/#\\\/schema\\\/logo\\\/image\\\/\"},\"sameAs\":[\"https:\\\/\\\/www.facebook.com\\\/leticia.lampert\",\"https:\\\/\\\/x.com\\\/lelampert\",\"https:\\\/\\\/vimeo.com\\\/lelampert\",\"https:\\\/\\\/br.pinterest.com\\\/lelampert\\\/\",\"https:\\\/\\\/br.linkedin.com\\\/in\\\/leticialampert\\\/\",\"https:\\\/\\\/www.instagram.com\\\/leticia.lampert\"]}]}<\/script>\n<!-- \/ Yoast SEO plugin. -->","yoast_head_json":{"title":"There is a city behind","description":"There is a city behind, 2026&nbsp; While advertising shouts, architecture whispers. History, memories, and local identity are hidden\u2014or flanked\u2014by signs and supposedly unmissable promotions. Who sells cheaper? Who shouts louder? Starting from a local situation\u2014the Independ\u00eancia Street, popularly known as Rua Grande, in S\u00e3o Leopoldo, RS\u2014this book presents a question common to so many Brazilian&hellip;","robots":{"index":"index","follow":"follow","max-snippet":"max-snippet:-1","max-image-preview":"max-image-preview:large","max-video-preview":"max-video-preview:-1"},"canonical":"There is a city behind, 2026&nbsp; While advertising shouts, architecture whispers. History, memories, and local identity are hidden\u2014or flanked\u2014by signs and supposedly unmissable promotions. Who sells cheaper? Who shouts louder? Starting from a local situation\u2014the Independ\u00eancia Street, popularly known as Rua Grande, in S\u00e3o Leopoldo, RS\u2014this book presents a question common to so many Brazilian&hellip;","og_locale":"en_US","og_type":"article","og_title":"There is a city behind","og_description":"There is a city behind, 2026&nbsp; While advertising shouts, architecture whispers. History, memories, and local identity are hidden\u2014or flanked\u2014by signs and supposedly unmissable promotions. Who sells cheaper? Who shouts louder? Starting from a local situation\u2014the Independ\u00eancia Street, popularly known as Rua Grande, in S\u00e3o Leopoldo, RS\u2014this book presents a question common to so many Brazilian&hellip;","og_url":"https:\/\/www.leticialampert.com.br\/en\/product\/there-is-a-city-behind\/","og_site_name":"LET\u00cdCIA LAMPERT","article_publisher":"https:\/\/www.facebook.com\/leticia.lampert","article_modified_time":"2026-03-10T16:41:17+00:00","og_image":[{"width":1000,"height":1000,"url":"https:\/\/www.leticialampert.com.br\/wp-content\/uploads\/2026\/01\/livro12-quadrado.jpg","type":"image\/jpeg"}],"schema":{"@context":"https:\/\/schema.org","@graph":[{"@type":"WebPage","@id":"https:\/\/www.leticialampert.com.br\/en\/product\/there-is-a-city-behind\/","url":"https:\/\/www.leticialampert.com.br\/en\/product\/there-is-a-city-behind\/","name":"H\u00e1 uma cidade por tr\u00e1s | Livro de Fotografia de Let\u00edcia Lampert","isPartOf":{"@id":"https:\/\/www.leticialampert.com.br\/#website"},"primaryImageOfPage":{"@id":"https:\/\/www.leticialampert.com.br\/en\/product\/there-is-a-city-behind\/#primaryimage"},"image":{"@id":"https:\/\/www.leticialampert.com.br\/en\/product\/there-is-a-city-behind\/#primaryimage"},"thumbnailUrl":"https:\/\/www.leticialampert.com.br\/wp-content\/uploads\/2026\/01\/livro12-quadrado.jpg","datePublished":"2026-01-07T15:13:53+00:00","dateModified":"2026-03-10T16:41:17+00:00","description":"O mais novo lan\u00e7amento de Let\u00edcia Lampert, H\u00e1 uma cidade por tr\u00e1s \u00e9 um livro de fotografias que discute as rela\u00e7\u00f5es entre arquitetura e publicidade. Garanta o seu!","breadcrumb":{"@id":"https:\/\/www.leticialampert.com.br\/en\/product\/there-is-a-city-behind\/#breadcrumb"},"inLanguage":"en-US","potentialAction":[{"@type":"ReadAction","target":["https:\/\/www.leticialampert.com.br\/en\/product\/there-is-a-city-behind\/"]}]},{"@type":"ImageObject","inLanguage":"en-US","@id":"https:\/\/www.leticialampert.com.br\/en\/product\/there-is-a-city-behind\/#primaryimage","url":"https:\/\/www.leticialampert.com.br\/wp-content\/uploads\/2026\/01\/livro12-quadrado.jpg","contentUrl":"https:\/\/www.leticialampert.com.br\/wp-content\/uploads\/2026\/01\/livro12-quadrado.jpg","width":1000,"height":1000},{"@type":"BreadcrumbList","@id":"https:\/\/www.leticialampert.com.br\/en\/product\/there-is-a-city-behind\/#breadcrumb","itemListElement":[{"@type":"ListItem","position":1,"name":"Home","item":"https:\/\/www.leticialampert.com.br\/"},{"@type":"ListItem","position":2,"name":"There is a city behind"}]},{"@type":"WebSite","@id":"https:\/\/www.leticialampert.com.br\/en\/#website","url":"https:\/\/www.leticialampert.com.br\/en\/","name":"LET\u00cdCIA LAMPERT","description":"Art | Photography","publisher":{"@id":"https:\/\/www.leticialampert.com.br\/en\/#organization"},"potentialAction":[{"@type":"SearchAction","target":{"@type":"EntryPoint","urlTemplate":"https:\/\/www.leticialampert.com.br\/en\/?s={search_term_string}"},"query-input":{"@type":"PropertyValueSpecification","valueRequired":true,"valueName":"search_term_string"}}],"inLanguage":"en-US"},{"@type":"Organization","@id":"https:\/\/www.leticialampert.com.br\/en\/#organization","name":"LET\u00cdCIA LAMPERT","url":"https:\/\/www.leticialampert.com.br\/en\/","logo":{"@type":"ImageObject","inLanguage":"en-US","@id":"https:\/\/www.leticialampert.com.br\/en\/#\/schema\/logo\/image\/","url":"https:\/\/www.leticialampert.com.br\/wp-content\/uploads\/2016\/07\/leticia_site_g.jpg","contentUrl":"https:\/\/www.leticialampert.com.br\/wp-content\/uploads\/2016\/07\/leticia_site_g.jpg","width":760,"height":160,"caption":"LET\u00cdCIA LAMPERT"},"image":{"@id":"https:\/\/www.leticialampert.com.br\/en\/#\/schema\/logo\/image\/"},"sameAs":["https:\/\/www.facebook.com\/leticia.lampert","https:\/\/x.com\/lelampert","https:\/\/vimeo.com\/lelampert","https:\/\/br.pinterest.com\/lelampert\/","https:\/\/br.linkedin.com\/in\/leticialampert\/","https:\/\/www.instagram.com\/leticia.lampert"]}]}},"_links":{"self":[{"href":"https:\/\/www.leticialampert.com.br\/en\/wp-json\/wp\/v2\/product\/4290","targetHints":{"allow":["GET"]}}],"collection":[{"href":"https:\/\/www.leticialampert.com.br\/en\/wp-json\/wp\/v2\/product"}],"about":[{"href":"https:\/\/www.leticialampert.com.br\/en\/wp-json\/wp\/v2\/types\/product"}],"wp:featuredmedia":[{"embeddable":true,"href":"https:\/\/www.leticialampert.com.br\/en\/wp-json\/wp\/v2\/media\/4331"}],"wp:attachment":[{"href":"https:\/\/www.leticialampert.com.br\/en\/wp-json\/wp\/v2\/media?parent=4290"}],"wp:term":[{"taxonomy":"product_brand","embeddable":true,"href":"https:\/\/www.leticialampert.com.br\/en\/wp-json\/wp\/v2\/product_brand?post=4290"},{"taxonomy":"product_cat","embeddable":true,"href":"https:\/\/www.leticialampert.com.br\/en\/wp-json\/wp\/v2\/product_cat?post=4290"},{"taxonomy":"product_tag","embeddable":true,"href":"https:\/\/www.leticialampert.com.br\/en\/wp-json\/wp\/v2\/product_tag?post=4290"}],"curies":[{"name":"wp","href":"https:\/\/api.w.org\/{rel}","templated":true}]}}