{"id":3902,"date":"2024-06-19T14:45:17","date_gmt":"2024-06-19T14:45:17","guid":{"rendered":"https:\/\/www.leticialampert.com.br\/?post_type=product&#038;p=3902"},"modified":"2026-02-25T19:27:06","modified_gmt":"2026-02-25T22:27:06","slug":"praticas-para-destrinchar-a-cidade-cadernos-de-exercicio","status":"publish","type":"product","link":"https:\/\/www.leticialampert.com.br\/en\/product\/practices-for-dismantling-the-city-exercise-books\/","title":{"rendered":"Practices for Dismantling the City - mockup"},"content":{"rendered":"<p>24 x 24 cm<br \/>\n60 pages<br \/>\ndigital printing<br \/>\nmanual cutting<br \/>\nwire-o binding<\/p>\n<p>Before publishing this project with Incompleta publishing house, I made some mock-ups, which I call &#8220;exercise notebooks,&#8221; as they were like a rehearsal for what would later become the book. In total, 6 copies were made, but each one is different, unique, and hand-cut. They all started from the same set of images and colors, but the pages are arranged differently in each one, always forming new compositions. From this process, only 1 copy remains available for sale.<\/p>\n","protected":false},"excerpt":{"rendered":"<p>24 x 24 cm 60 pages digital printing manual cutting wire-o binding Before publishing this project with Incompleta publishing house, I made some mock-ups, which I call &#8220;exercise notebooks,&#8221; as they were like a rehearsal for what would later become the book. In total, 6 copies were made, but each &hellip;<\/p>\n<div class=\"wrap-excerpt-more\"><a class=\"excerpt-more\" href=\"https:\/\/www.leticialampert.com.br\/en\/product\/practices-for-dismantling-the-city-exercise-books\/\">Read more<\/a><\/div>\n","protected":false},"featured_media":3903,"template":"","meta":[],"product_brand":[],"product_cat":[29],"product_tag":[],"class_list":{"0":"post-3902","1":"product","2":"type-product","3":"status-publish","4":"has-post-thumbnail","6":"product_cat-authors-publication","7":"product_shipping_class-frete-gratis","8":"post--featured-image","10":"first","11":"instock","12":"taxable","13":"shipping-taxable","14":"purchasable","15":"product-type-simple"},"yoast_head":"<!-- This site is optimized with the Yoast SEO plugin v27.4 - https:\/\/yoast.com\/product\/yoast-seo-wordpress\/ -->\n<title>Practices for Dismantling the City - mockup<\/title>\n<meta name=\"description\" content=\"24 x 24 cm 60 pages digital printing manual cutting wire-o binding Before publishing this project with Incompleta publishing house, I made some mock-ups, which I call &quot;exercise notebooks,&quot; as they were like a rehearsal for what would later become the book. In total, 6 copies were made, but each one is different, unique, and&hellip;\" \/>\n<meta name=\"robots\" content=\"index, follow, max-snippet:-1, max-image-preview:large, max-video-preview:-1\" \/>\n<link rel=\"canonical\" href=\"http:\/\/24%20x%2024%20cm%2060%20pages%20digital%20printing%20manual%20cutting%20wire-o%20binding%20Before%20publishing%20this%20project%20with%20Incompleta%20publishing%20house,%20I%20made%20some%20mock-ups,%20which%20I%20call%20exercise%20notebooks,%20as%20they%20were%20like%20a%20rehearsal%20for%20what%20would%20later%20become%20the%20book.%20In%20total,%206%20copies%20were%20made,%20but%20each%20one%20is%20different,%20unique,%20and&hellip;\" \/>\n<meta property=\"og:locale\" content=\"en_US\" \/>\n<meta property=\"og:type\" content=\"article\" \/>\n<meta property=\"og:title\" content=\"Practices for Dismantling the City - mockup\" \/>\n<meta property=\"og:description\" content=\"24 x 24 cm 60 pages digital printing manual cutting wire-o binding Before publishing this project with Incompleta publishing house, I made some mock-ups, which I call &quot;exercise notebooks,&quot; as they were like a rehearsal for what would later become the book. In total, 6 copies were made, but each one is different, unique, and&hellip;\" \/>\n<meta property=\"og:url\" content=\"https:\/\/www.leticialampert.com.br\/en\/product\/practices-for-dismantling-the-city-exercise-books\/\" \/>\n<meta property=\"og:site_name\" content=\"LET\u00cdCIA LAMPERT\" \/>\n<meta property=\"article:publisher\" content=\"https:\/\/www.facebook.com\/leticia.lampert\" \/>\n<meta property=\"article:modified_time\" content=\"2026-02-25T22:27:06+00:00\" \/>\n<meta property=\"og:image\" content=\"https:\/\/www.leticialampert.com.br\/wp-content\/uploads\/2024\/06\/IMG_20230529_162029.jpg\" \/>\n\t<meta property=\"og:image:width\" content=\"1080\" \/>\n\t<meta property=\"og:image:height\" content=\"1080\" \/>\n\t<meta property=\"og:image:type\" content=\"image\/jpeg\" \/>\n<script type=\"application\/ld+json\" class=\"yoast-schema-graph\">{\"@context\":\"https:\\\/\\\/schema.org\",\"@graph\":[{\"@type\":\"WebPage\",\"@id\":\"https:\\\/\\\/www.leticialampert.com.br\\\/en\\\/product\\\/practices-for-dismantling-the-city-exercise-books\\\/\",\"url\":\"https:\\\/\\\/www.leticialampert.com.br\\\/en\\\/product\\\/practices-for-dismantling-the-city-exercise-books\\\/\",\"name\":\"Pr\u00e1ticas para Destrinchar a Cidade | vers\u00e3o artesanal\",\"isPartOf\":{\"@id\":\"https:\\\/\\\/www.leticialampert.com.br\\\/#website\"},\"primaryImageOfPage\":{\"@id\":\"https:\\\/\\\/www.leticialampert.com.br\\\/en\\\/product\\\/practices-for-dismantling-the-city-exercise-books\\\/#primaryimage\"},\"image\":{\"@id\":\"https:\\\/\\\/www.leticialampert.com.br\\\/en\\\/product\\\/practices-for-dismantling-the-city-exercise-books\\\/#primaryimage\"},\"thumbnailUrl\":\"https:\\\/\\\/www.leticialampert.com.br\\\/wp-content\\\/uploads\\\/2024\\\/06\\\/IMG_20230529_162029.jpg\",\"datePublished\":\"2024-06-19T14:45:17+00:00\",\"dateModified\":\"2026-02-25T22:27:06+00:00\",\"description\":\"Este livro \u00fanico e cortado a m\u00e3o \u00e9 resultado dos estudos realizados antes da vers\u00e3o publicada pela editora. Item de cole\u00e7\u00e3o, garanta o seu!\",\"breadcrumb\":{\"@id\":\"https:\\\/\\\/www.leticialampert.com.br\\\/en\\\/product\\\/practices-for-dismantling-the-city-exercise-books\\\/#breadcrumb\"},\"inLanguage\":\"en-US\",\"potentialAction\":[{\"@type\":\"ReadAction\",\"target\":[\"https:\\\/\\\/www.leticialampert.com.br\\\/en\\\/product\\\/practices-for-dismantling-the-city-exercise-books\\\/\"]}]},{\"@type\":\"ImageObject\",\"inLanguage\":\"en-US\",\"@id\":\"https:\\\/\\\/www.leticialampert.com.br\\\/en\\\/product\\\/practices-for-dismantling-the-city-exercise-books\\\/#primaryimage\",\"url\":\"https:\\\/\\\/www.leticialampert.com.br\\\/wp-content\\\/uploads\\\/2024\\\/06\\\/IMG_20230529_162029.jpg\",\"contentUrl\":\"https:\\\/\\\/www.leticialampert.com.br\\\/wp-content\\\/uploads\\\/2024\\\/06\\\/IMG_20230529_162029.jpg\",\"width\":1080,\"height\":1080},{\"@type\":\"BreadcrumbList\",\"@id\":\"https:\\\/\\\/www.leticialampert.com.br\\\/en\\\/product\\\/practices-for-dismantling-the-city-exercise-books\\\/#breadcrumb\",\"itemListElement\":[{\"@type\":\"ListItem\",\"position\":1,\"name\":\"Home\",\"item\":\"https:\\\/\\\/www.leticialampert.com.br\\\/\"},{\"@type\":\"ListItem\",\"position\":2,\"name\":\"Practices for Dismantling the City - mockup\"}]},{\"@type\":\"WebSite\",\"@id\":\"https:\\\/\\\/www.leticialampert.com.br\\\/en\\\/#website\",\"url\":\"https:\\\/\\\/www.leticialampert.com.br\\\/en\\\/\",\"name\":\"LET\u00cdCIA LAMPERT\",\"description\":\"Art | Photography\",\"publisher\":{\"@id\":\"https:\\\/\\\/www.leticialampert.com.br\\\/en\\\/#organization\"},\"potentialAction\":[{\"@type\":\"SearchAction\",\"target\":{\"@type\":\"EntryPoint\",\"urlTemplate\":\"https:\\\/\\\/www.leticialampert.com.br\\\/en\\\/?s={search_term_string}\"},\"query-input\":{\"@type\":\"PropertyValueSpecification\",\"valueRequired\":true,\"valueName\":\"search_term_string\"}}],\"inLanguage\":\"en-US\"},{\"@type\":\"Organization\",\"@id\":\"https:\\\/\\\/www.leticialampert.com.br\\\/en\\\/#organization\",\"name\":\"LET\u00cdCIA LAMPERT\",\"url\":\"https:\\\/\\\/www.leticialampert.com.br\\\/en\\\/\",\"logo\":{\"@type\":\"ImageObject\",\"inLanguage\":\"en-US\",\"@id\":\"https:\\\/\\\/www.leticialampert.com.br\\\/en\\\/#\\\/schema\\\/logo\\\/image\\\/\",\"url\":\"https:\\\/\\\/www.leticialampert.com.br\\\/wp-content\\\/uploads\\\/2016\\\/07\\\/leticia_site_g.jpg\",\"contentUrl\":\"https:\\\/\\\/www.leticialampert.com.br\\\/wp-content\\\/uploads\\\/2016\\\/07\\\/leticia_site_g.jpg\",\"width\":760,\"height\":160,\"caption\":\"LET\u00cdCIA LAMPERT\"},\"image\":{\"@id\":\"https:\\\/\\\/www.leticialampert.com.br\\\/en\\\/#\\\/schema\\\/logo\\\/image\\\/\"},\"sameAs\":[\"https:\\\/\\\/www.facebook.com\\\/leticia.lampert\",\"https:\\\/\\\/x.com\\\/lelampert\",\"https:\\\/\\\/vimeo.com\\\/lelampert\",\"https:\\\/\\\/br.pinterest.com\\\/lelampert\\\/\",\"https:\\\/\\\/br.linkedin.com\\\/in\\\/leticialampert\\\/\",\"https:\\\/\\\/www.instagram.com\\\/leticia.lampert\"]}]}<\/script>\n<!-- \/ Yoast SEO plugin. -->","yoast_head_json":{"title":"Practices for Dismantling the City - mockup","description":"24 x 24 cm 60 pages digital printing manual cutting wire-o binding Before publishing this project with Incompleta publishing house, I made some mock-ups, which I call \"exercise notebooks,\" as they were like a rehearsal for what would later become the book. In total, 6 copies were made, but each one is different, unique, and&hellip;","robots":{"index":"index","follow":"follow","max-snippet":"max-snippet:-1","max-image-preview":"max-image-preview:large","max-video-preview":"max-video-preview:-1"},"canonical":"24 x 24 cm 60 pages digital printing manual cutting wire-o binding Before publishing this project with Incompleta publishing house, I made some mock-ups, which I call \"exercise notebooks,\" as they were like a rehearsal for what would later become the book. In total, 6 copies were made, but each one is different, unique, and&hellip;","og_locale":"en_US","og_type":"article","og_title":"Practices for Dismantling the City - mockup","og_description":"24 x 24 cm 60 pages digital printing manual cutting wire-o binding Before publishing this project with Incompleta publishing house, I made some mock-ups, which I call \"exercise notebooks,\" as they were like a rehearsal for what would later become the book. In total, 6 copies were made, but each one is different, unique, and&hellip;","og_url":"https:\/\/www.leticialampert.com.br\/en\/product\/practices-for-dismantling-the-city-exercise-books\/","og_site_name":"LET\u00cdCIA LAMPERT","article_publisher":"https:\/\/www.facebook.com\/leticia.lampert","article_modified_time":"2026-02-25T22:27:06+00:00","og_image":[{"width":1080,"height":1080,"url":"https:\/\/www.leticialampert.com.br\/wp-content\/uploads\/2024\/06\/IMG_20230529_162029.jpg","type":"image\/jpeg"}],"schema":{"@context":"https:\/\/schema.org","@graph":[{"@type":"WebPage","@id":"https:\/\/www.leticialampert.com.br\/en\/product\/practices-for-dismantling-the-city-exercise-books\/","url":"https:\/\/www.leticialampert.com.br\/en\/product\/practices-for-dismantling-the-city-exercise-books\/","name":"Pr\u00e1ticas para Destrinchar a Cidade | vers\u00e3o artesanal","isPartOf":{"@id":"https:\/\/www.leticialampert.com.br\/#website"},"primaryImageOfPage":{"@id":"https:\/\/www.leticialampert.com.br\/en\/product\/practices-for-dismantling-the-city-exercise-books\/#primaryimage"},"image":{"@id":"https:\/\/www.leticialampert.com.br\/en\/product\/practices-for-dismantling-the-city-exercise-books\/#primaryimage"},"thumbnailUrl":"https:\/\/www.leticialampert.com.br\/wp-content\/uploads\/2024\/06\/IMG_20230529_162029.jpg","datePublished":"2024-06-19T14:45:17+00:00","dateModified":"2026-02-25T22:27:06+00:00","description":"Este livro \u00fanico e cortado a m\u00e3o \u00e9 resultado dos estudos realizados antes da vers\u00e3o publicada pela editora. Item de cole\u00e7\u00e3o, garanta o seu!","breadcrumb":{"@id":"https:\/\/www.leticialampert.com.br\/en\/product\/practices-for-dismantling-the-city-exercise-books\/#breadcrumb"},"inLanguage":"en-US","potentialAction":[{"@type":"ReadAction","target":["https:\/\/www.leticialampert.com.br\/en\/product\/practices-for-dismantling-the-city-exercise-books\/"]}]},{"@type":"ImageObject","inLanguage":"en-US","@id":"https:\/\/www.leticialampert.com.br\/en\/product\/practices-for-dismantling-the-city-exercise-books\/#primaryimage","url":"https:\/\/www.leticialampert.com.br\/wp-content\/uploads\/2024\/06\/IMG_20230529_162029.jpg","contentUrl":"https:\/\/www.leticialampert.com.br\/wp-content\/uploads\/2024\/06\/IMG_20230529_162029.jpg","width":1080,"height":1080},{"@type":"BreadcrumbList","@id":"https:\/\/www.leticialampert.com.br\/en\/product\/practices-for-dismantling-the-city-exercise-books\/#breadcrumb","itemListElement":[{"@type":"ListItem","position":1,"name":"Home","item":"https:\/\/www.leticialampert.com.br\/"},{"@type":"ListItem","position":2,"name":"Practices for Dismantling the City - mockup"}]},{"@type":"WebSite","@id":"https:\/\/www.leticialampert.com.br\/en\/#website","url":"https:\/\/www.leticialampert.com.br\/en\/","name":"LET\u00cdCIA LAMPERT","description":"Art | Photography","publisher":{"@id":"https:\/\/www.leticialampert.com.br\/en\/#organization"},"potentialAction":[{"@type":"SearchAction","target":{"@type":"EntryPoint","urlTemplate":"https:\/\/www.leticialampert.com.br\/en\/?s={search_term_string}"},"query-input":{"@type":"PropertyValueSpecification","valueRequired":true,"valueName":"search_term_string"}}],"inLanguage":"en-US"},{"@type":"Organization","@id":"https:\/\/www.leticialampert.com.br\/en\/#organization","name":"LET\u00cdCIA LAMPERT","url":"https:\/\/www.leticialampert.com.br\/en\/","logo":{"@type":"ImageObject","inLanguage":"en-US","@id":"https:\/\/www.leticialampert.com.br\/en\/#\/schema\/logo\/image\/","url":"https:\/\/www.leticialampert.com.br\/wp-content\/uploads\/2016\/07\/leticia_site_g.jpg","contentUrl":"https:\/\/www.leticialampert.com.br\/wp-content\/uploads\/2016\/07\/leticia_site_g.jpg","width":760,"height":160,"caption":"LET\u00cdCIA LAMPERT"},"image":{"@id":"https:\/\/www.leticialampert.com.br\/en\/#\/schema\/logo\/image\/"},"sameAs":["https:\/\/www.facebook.com\/leticia.lampert","https:\/\/x.com\/lelampert","https:\/\/vimeo.com\/lelampert","https:\/\/br.pinterest.com\/lelampert\/","https:\/\/br.linkedin.com\/in\/leticialampert\/","https:\/\/www.instagram.com\/leticia.lampert"]}]}},"_links":{"self":[{"href":"https:\/\/www.leticialampert.com.br\/en\/wp-json\/wp\/v2\/product\/3902","targetHints":{"allow":["GET"]}}],"collection":[{"href":"https:\/\/www.leticialampert.com.br\/en\/wp-json\/wp\/v2\/product"}],"about":[{"href":"https:\/\/www.leticialampert.com.br\/en\/wp-json\/wp\/v2\/types\/product"}],"wp:featuredmedia":[{"embeddable":true,"href":"https:\/\/www.leticialampert.com.br\/en\/wp-json\/wp\/v2\/media\/3903"}],"wp:attachment":[{"href":"https:\/\/www.leticialampert.com.br\/en\/wp-json\/wp\/v2\/media?parent=3902"}],"wp:term":[{"taxonomy":"product_brand","embeddable":true,"href":"https:\/\/www.leticialampert.com.br\/en\/wp-json\/wp\/v2\/product_brand?post=3902"},{"taxonomy":"product_cat","embeddable":true,"href":"https:\/\/www.leticialampert.com.br\/en\/wp-json\/wp\/v2\/product_cat?post=3902"},{"taxonomy":"product_tag","embeddable":true,"href":"https:\/\/www.leticialampert.com.br\/en\/wp-json\/wp\/v2\/product_tag?post=3902"}],"curies":[{"name":"wp","href":"https:\/\/api.w.org\/{rel}","templated":true}]}}