{"id":3162,"date":"2022-07-28T01:22:28","date_gmt":"2022-07-28T01:22:28","guid":{"rendered":"https:\/\/www.leticialampert.com.br\/?page_id=3162"},"modified":"2026-02-25T18:32:17","modified_gmt":"2026-02-25T21:32:17","slug":"loja","status":"publish","type":"page","link":"https:\/\/www.leticialampert.com.br\/en\/store\/","title":{"rendered":"Books and prints"},"content":{"rendered":"<div class=\"woocommerce columns-4 \"><ul class=\"products columns-4\">\n<li class=\"post--featured-image product type-product post-4290 status-publish first instock product_cat-sem-categoria has-post-thumbnail sale taxable shipping-taxable purchasable product-type-simple\">\n\t<a href=\"https:\/\/www.leticialampert.com.br\/en\/product\/there-is-a-city-behind\/\" class=\"woocommerce-LoopProduct-link woocommerce-loop-product__link\">\n\t<span class=\"onsale\">Sale!<\/span>\n\t<img loading=\"lazy\" decoding=\"async\" width=\"400\" height=\"400\" src=\"https:\/\/www.leticialampert.com.br\/wp-content\/uploads\/2026\/01\/livro12-quadrado.jpg\" class=\"attachment-woocommerce_thumbnail size-woocommerce_thumbnail\" alt=\"There is a city behind\" \/><h2 class=\"woocommerce-loop-product__title\">There is a city behind<\/h2>\n\t<span class=\"price\"><del aria-hidden=\"true\"><span class=\"woocommerce-Price-amount amount\"><bdi><span class=\"woocommerce-Price-currencySymbol\">$<\/span>11,20<\/bdi><\/span><\/del> <span class=\"screen-reader-text\">Original price was: $11,20.<\/span><ins aria-hidden=\"true\"><span class=\"woocommerce-Price-amount amount\"><bdi><span class=\"woocommerce-Price-currencySymbol\">$<\/span>9,33<\/bdi><\/span><\/ins><span class=\"screen-reader-text\">Current price is: $9,33.<\/span><\/span>\n<\/a><a href=\"\/en\/wp-json\/wp\/v2\/pages\/3162?add-to-cart=4290\" aria-describedby=\"woocommerce_loop_add_to_cart_link_describedby_4290\" data-quantity=\"1\" class=\"button product_type_simple add_to_cart_button ajax_add_to_cart\" data-product_id=\"4290\" data-product_sku=\"\" aria-label=\"Add to cart: &ldquo;There is a city behind&rdquo;\" rel=\"nofollow\" data-success_message=\"&ldquo;There is a city behind&rdquo; has been added to your cart\" role=\"button\">Add to cart<\/a>\t<span id=\"woocommerce_loop_add_to_cart_link_describedby_4290\" class=\"screen-reader-text\">\n\t\t\t<\/span>\n<\/li>\n<li class=\"post--featured-image product type-product post-4162 status-publish instock product_cat-editora-incompleta has-post-thumbnail taxable shipping-taxable purchasable product-type-simple\">\n\t<a href=\"https:\/\/www.leticialampert.com.br\/en\/product\/practices-for-dismentling-the-city\/\" class=\"woocommerce-LoopProduct-link woocommerce-loop-product__link\"><img loading=\"lazy\" decoding=\"async\" width=\"400\" height=\"400\" src=\"https:\/\/www.leticialampert.com.br\/wp-content\/uploads\/2025\/11\/praticas_capa-400x400.jpg\" class=\"attachment-woocommerce_thumbnail size-woocommerce_thumbnail\" alt=\"Practices for Dismantling the City\" srcset=\"https:\/\/www.leticialampert.com.br\/wp-content\/uploads\/2025\/11\/praticas_capa-400x400.jpg 400w, https:\/\/www.leticialampert.com.br\/wp-content\/uploads\/2025\/11\/praticas_capa-100x100.jpg 100w, https:\/\/www.leticialampert.com.br\/wp-content\/uploads\/2025\/11\/praticas_capa-150x150.jpg 150w, https:\/\/www.leticialampert.com.br\/wp-content\/uploads\/2025\/11\/praticas_capa-90x90.jpg 90w, https:\/\/www.leticialampert.com.br\/wp-content\/uploads\/2025\/11\/praticas_capa-500x500.jpg 500w\" sizes=\"auto, (max-width: 400px) 100vw, 400px\" \/><h2 class=\"woocommerce-loop-product__title\">Practices for Dismantling the City<\/h2>\n\t<span class=\"price\"><span class=\"woocommerce-Price-amount amount\"><bdi><span class=\"woocommerce-Price-currencySymbol\">$<\/span>23,14<\/bdi><\/span><\/span>\n<\/a><a href=\"\/en\/wp-json\/wp\/v2\/pages\/3162?add-to-cart=4162\" aria-describedby=\"woocommerce_loop_add_to_cart_link_describedby_4162\" data-quantity=\"1\" class=\"button product_type_simple add_to_cart_button ajax_add_to_cart\" data-product_id=\"4162\" data-product_sku=\"\" aria-label=\"Add to cart: &ldquo;Practices for Dismantling the City&rdquo;\" rel=\"nofollow\" data-success_message=\"&ldquo;Practices for Dismantling the City&rdquo; has been added to your cart\" role=\"button\">Add to cart<\/a>\t<span id=\"woocommerce_loop_add_to_cart_link_describedby_4162\" class=\"screen-reader-text\">\n\t\t\t<\/span>\n<\/li>\n<li class=\"post--featured-image product type-product post-3902 status-publish instock product_cat-authors-publication has-post-thumbnail taxable shipping-taxable purchasable product-type-simple\">\n\t<a href=\"https:\/\/www.leticialampert.com.br\/en\/product\/practices-for-dismantling-the-city-exercise-books\/\" class=\"woocommerce-LoopProduct-link woocommerce-loop-product__link\"><img loading=\"lazy\" decoding=\"async\" width=\"400\" height=\"400\" src=\"https:\/\/www.leticialampert.com.br\/wp-content\/uploads\/2024\/06\/IMG_20230529_162029-400x400.jpg\" class=\"attachment-woocommerce_thumbnail size-woocommerce_thumbnail\" alt=\"Practices for Dismantling the City - mockup\" srcset=\"https:\/\/www.leticialampert.com.br\/wp-content\/uploads\/2024\/06\/IMG_20230529_162029-400x400.jpg 400w, https:\/\/www.leticialampert.com.br\/wp-content\/uploads\/2024\/06\/IMG_20230529_162029-100x100.jpg 100w, https:\/\/www.leticialampert.com.br\/wp-content\/uploads\/2024\/06\/IMG_20230529_162029-800x800.jpg 800w, https:\/\/www.leticialampert.com.br\/wp-content\/uploads\/2024\/06\/IMG_20230529_162029-300x300.jpg 300w, https:\/\/www.leticialampert.com.br\/wp-content\/uploads\/2024\/06\/IMG_20230529_162029-1024x1024.jpg 1024w, https:\/\/www.leticialampert.com.br\/wp-content\/uploads\/2024\/06\/IMG_20230529_162029-150x150.jpg 150w, https:\/\/www.leticialampert.com.br\/wp-content\/uploads\/2024\/06\/IMG_20230529_162029-768x768.jpg 768w, https:\/\/www.leticialampert.com.br\/wp-content\/uploads\/2024\/06\/IMG_20230529_162029-90x90.jpg 90w, https:\/\/www.leticialampert.com.br\/wp-content\/uploads\/2024\/06\/IMG_20230529_162029-220x220.jpg 220w, https:\/\/www.leticialampert.com.br\/wp-content\/uploads\/2024\/06\/IMG_20230529_162029-583x583.jpg 583w, https:\/\/www.leticialampert.com.br\/wp-content\/uploads\/2024\/06\/IMG_20230529_162029-500x500.jpg 500w, https:\/\/www.leticialampert.com.br\/wp-content\/uploads\/2024\/06\/IMG_20230529_162029.jpg 1080w\" sizes=\"auto, (max-width: 400px) 100vw, 400px\" \/><h2 class=\"woocommerce-loop-product__title\">Practices for Dismantling the City - mockup<\/h2>\n\t<span class=\"price\"><span class=\"woocommerce-Price-amount amount\"><bdi><span class=\"woocommerce-Price-currencySymbol\">$<\/span>261,24<\/bdi><\/span><\/span>\n<\/a><a href=\"\/en\/wp-json\/wp\/v2\/pages\/3162?add-to-cart=3902\" aria-describedby=\"woocommerce_loop_add_to_cart_link_describedby_3902\" data-quantity=\"1\" class=\"button product_type_simple add_to_cart_button ajax_add_to_cart\" data-product_id=\"3902\" data-product_sku=\"\" aria-label=\"Add to cart: &ldquo;Practices for Dismantling the City - mockup&rdquo;\" rel=\"nofollow\" data-success_message=\"&ldquo;Practices for Dismantling the City - mockup&rdquo; has been added to your cart\" role=\"button\">Add to cart<\/a>\t<span id=\"woocommerce_loop_add_to_cart_link_describedby_3902\" class=\"screen-reader-text\">\n\t\t\t<\/span>\n<\/li>\n<li class=\"post--featured-image product type-product post-3245 status-publish last instock product_cat-authors-publication has-post-thumbnail taxable shipping-taxable purchasable product-type-simple\">\n\t<a href=\"https:\/\/www.leticialampert.com.br\/en\/product\/silent-city\/\" class=\"woocommerce-LoopProduct-link woocommerce-loop-product__link\"><img loading=\"lazy\" decoding=\"async\" width=\"400\" height=\"400\" src=\"https:\/\/www.leticialampert.com.br\/wp-content\/uploads\/2022\/11\/silent_capa-400x400.jpg\" class=\"attachment-woocommerce_thumbnail size-woocommerce_thumbnail\" alt=\"Silent City\" srcset=\"https:\/\/www.leticialampert.com.br\/wp-content\/uploads\/2022\/11\/silent_capa-400x400.jpg 400w, https:\/\/www.leticialampert.com.br\/wp-content\/uploads\/2022\/11\/silent_capa-100x100.jpg 100w, https:\/\/www.leticialampert.com.br\/wp-content\/uploads\/2022\/11\/silent_capa-150x150.jpg 150w, https:\/\/www.leticialampert.com.br\/wp-content\/uploads\/2022\/11\/silent_capa-90x90.jpg 90w, https:\/\/www.leticialampert.com.br\/wp-content\/uploads\/2022\/11\/silent_capa-500x500.jpg 500w\" sizes=\"auto, (max-width: 400px) 100vw, 400px\" \/><h2 class=\"woocommerce-loop-product__title\">Silent City<\/h2>\n\t<span class=\"price\"><span class=\"woocommerce-Price-amount amount\"><bdi><span class=\"woocommerce-Price-currencySymbol\">$<\/span>16,79<\/bdi><\/span><\/span>\n<\/a><a href=\"\/en\/wp-json\/wp\/v2\/pages\/3162?add-to-cart=3245\" aria-describedby=\"woocommerce_loop_add_to_cart_link_describedby_3245\" data-quantity=\"1\" class=\"button product_type_simple add_to_cart_button ajax_add_to_cart\" data-product_id=\"3245\" data-product_sku=\"LI004\" aria-label=\"Add to cart: &ldquo;Silent City&rdquo;\" rel=\"nofollow\" data-success_message=\"&ldquo;Silent City&rdquo; has been added to your cart\" role=\"button\">Add to cart<\/a>\t<span id=\"woocommerce_loop_add_to_cart_link_describedby_3245\" class=\"screen-reader-text\">\n\t\t\t<\/span>\n<\/li>\n<li class=\"post--featured-image product type-product post-1065 status-publish first instock product_cat-authors-publication has-post-thumbnail sale taxable shipping-taxable purchasable product-type-simple\">\n\t<a href=\"https:\/\/www.leticialampert.com.br\/en\/product\/color-scale-of-things\/\" class=\"woocommerce-LoopProduct-link woocommerce-loop-product__link\">\n\t<span class=\"onsale\">Sale!<\/span>\n\t<img loading=\"lazy\" decoding=\"async\" width=\"400\" height=\"400\" src=\"https:\/\/www.leticialampert.com.br\/wp-content\/uploads\/2016\/10\/2014_Escala-de-cor-das-coisas_LETICIA-LAMPERT_006-1-400x400.jpg\" class=\"attachment-woocommerce_thumbnail size-woocommerce_thumbnail\" alt=\"The Color Scale of Things\" srcset=\"https:\/\/www.leticialampert.com.br\/wp-content\/uploads\/2016\/10\/2014_Escala-de-cor-das-coisas_LETICIA-LAMPERT_006-1-400x400.jpg 400w, https:\/\/www.leticialampert.com.br\/wp-content\/uploads\/2016\/10\/2014_Escala-de-cor-das-coisas_LETICIA-LAMPERT_006-1-100x100.jpg 100w, https:\/\/www.leticialampert.com.br\/wp-content\/uploads\/2016\/10\/2014_Escala-de-cor-das-coisas_LETICIA-LAMPERT_006-1-150x150.jpg 150w, https:\/\/www.leticialampert.com.br\/wp-content\/uploads\/2016\/10\/2014_Escala-de-cor-das-coisas_LETICIA-LAMPERT_006-1-90x90.jpg 90w, https:\/\/www.leticialampert.com.br\/wp-content\/uploads\/2016\/10\/2014_Escala-de-cor-das-coisas_LETICIA-LAMPERT_006-1-500x500.jpg 500w\" sizes=\"auto, (max-width: 400px) 100vw, 400px\" \/><h2 class=\"woocommerce-loop-product__title\">The Color Scale of Things<\/h2>\n\t<span class=\"price\"><del aria-hidden=\"true\"><span class=\"woocommerce-Price-amount amount\"><bdi><span class=\"woocommerce-Price-currencySymbol\">$<\/span>14,00<\/bdi><\/span><\/del> <span class=\"screen-reader-text\">Original price was: $14,00.<\/span><ins aria-hidden=\"true\"><span class=\"woocommerce-Price-amount amount\"><bdi><span class=\"woocommerce-Price-currencySymbol\">$<\/span>12,13<\/bdi><\/span><\/ins><span class=\"screen-reader-text\">Current price is: $12,13.<\/span><\/span>\n<\/a><a href=\"\/en\/wp-json\/wp\/v2\/pages\/3162?add-to-cart=1065\" aria-describedby=\"woocommerce_loop_add_to_cart_link_describedby_1065\" data-quantity=\"1\" class=\"button product_type_simple add_to_cart_button ajax_add_to_cart\" data-product_id=\"1065\" data-product_sku=\"LI001\" aria-label=\"Add to cart: &ldquo;The Color Scale of Things&rdquo;\" rel=\"nofollow\" data-success_message=\"&ldquo;The Color Scale of Things&rdquo; has been added to your cart\" role=\"button\">Add to cart<\/a>\t<span id=\"woocommerce_loop_add_to_cart_link_describedby_1065\" class=\"screen-reader-text\">\n\t\t\t<\/span>\n<\/li>\n<\/ul>\n<\/div>\n","protected":false},"excerpt":{"rendered":"<div class=\"wrap-excerpt-more\"><a class=\"excerpt-more\" href=\"https:\/\/www.leticialampert.com.br\/en\/store\/\">Read more<\/a><\/div>\n","protected":false},"author":1,"featured_media":0,"parent":0,"menu_order":0,"comment_status":"closed","ping_status":"closed","template":"","meta":{"footnotes":""},"class_list":["post-3162","page","type-page","status-publish","hentry","post--no-featured-image"],"yoast_head":"<!-- This site is optimized with the Yoast SEO plugin v27.4 - https:\/\/yoast.com\/product\/yoast-seo-wordpress\/ -->\n<title>Books and prints<\/title>\n<meta name=\"robots\" content=\"index, follow, max-snippet:-1, max-image-preview:large, max-video-preview:-1\" \/>\n<meta property=\"og:locale\" content=\"en_US\" \/>\n<meta property=\"og:type\" content=\"article\" \/>\n<meta property=\"og:title\" content=\"Books and prints\" \/>\n<meta property=\"og:url\" content=\"https:\/\/www.leticialampert.com.br\/en\/store\/\" \/>\n<meta property=\"og:site_name\" content=\"LET\u00cdCIA LAMPERT\" \/>\n<meta property=\"article:publisher\" content=\"https:\/\/www.facebook.com\/leticia.lampert\" \/>\n<meta property=\"article:modified_time\" content=\"2026-02-25T21:32:17+00:00\" \/>\n<script type=\"application\/ld+json\" class=\"yoast-schema-graph\">{\"@context\":\"https:\\\/\\\/schema.org\",\"@graph\":[{\"@type\":\"WebPage\",\"@id\":\"https:\\\/\\\/www.leticialampert.com.br\\\/en\\\/store\\\/\",\"url\":\"https:\\\/\\\/www.leticialampert.com.br\\\/en\\\/store\\\/\",\"name\":\"Lojinha Let\u00edcia Lampert | Livros e edi\u00e7\u00f5es especiais\",\"isPartOf\":{\"@id\":\"https:\\\/\\\/www.leticialampert.com.br\\\/#website\"},\"datePublished\":\"2022-07-28T01:22:28+00:00\",\"dateModified\":\"2026-02-25T21:32:17+00:00\",\"description\":\"Visite a Lojinha de Let\u00edcia Lampert: livros, publica\u00e7\u00f5es e obras de fotografia autoral dispon\u00edveis para compra. Produtos exclusivos com envio \u00e1gil.\",\"breadcrumb\":{\"@id\":\"https:\\\/\\\/www.leticialampert.com.br\\\/en\\\/store\\\/#breadcrumb\"},\"inLanguage\":\"en-US\",\"potentialAction\":[{\"@type\":\"ReadAction\",\"target\":[\"https:\\\/\\\/www.leticialampert.com.br\\\/en\\\/store\\\/\"]}]},{\"@type\":\"BreadcrumbList\",\"@id\":\"https:\\\/\\\/www.leticialampert.com.br\\\/en\\\/store\\\/#breadcrumb\",\"itemListElement\":[{\"@type\":\"ListItem\",\"position\":1,\"name\":\"Home\",\"item\":\"https:\\\/\\\/www.leticialampert.com.br\\\/\"},{\"@type\":\"ListItem\",\"position\":2,\"name\":\"Books and prints\"}]},{\"@type\":\"WebSite\",\"@id\":\"https:\\\/\\\/www.leticialampert.com.br\\\/en\\\/#website\",\"url\":\"https:\\\/\\\/www.leticialampert.com.br\\\/en\\\/\",\"name\":\"LET\u00cdCIA LAMPERT\",\"description\":\"Art | Photography\",\"publisher\":{\"@id\":\"https:\\\/\\\/www.leticialampert.com.br\\\/en\\\/#organization\"},\"potentialAction\":[{\"@type\":\"SearchAction\",\"target\":{\"@type\":\"EntryPoint\",\"urlTemplate\":\"https:\\\/\\\/www.leticialampert.com.br\\\/en\\\/?s={search_term_string}\"},\"query-input\":{\"@type\":\"PropertyValueSpecification\",\"valueRequired\":true,\"valueName\":\"search_term_string\"}}],\"inLanguage\":\"en-US\"},{\"@type\":\"Organization\",\"@id\":\"https:\\\/\\\/www.leticialampert.com.br\\\/en\\\/#organization\",\"name\":\"LET\u00cdCIA LAMPERT\",\"url\":\"https:\\\/\\\/www.leticialampert.com.br\\\/en\\\/\",\"logo\":{\"@type\":\"ImageObject\",\"inLanguage\":\"en-US\",\"@id\":\"https:\\\/\\\/www.leticialampert.com.br\\\/en\\\/#\\\/schema\\\/logo\\\/image\\\/\",\"url\":\"https:\\\/\\\/www.leticialampert.com.br\\\/wp-content\\\/uploads\\\/2016\\\/07\\\/leticia_site_g.jpg\",\"contentUrl\":\"https:\\\/\\\/www.leticialampert.com.br\\\/wp-content\\\/uploads\\\/2016\\\/07\\\/leticia_site_g.jpg\",\"width\":760,\"height\":160,\"caption\":\"LET\u00cdCIA LAMPERT\"},\"image\":{\"@id\":\"https:\\\/\\\/www.leticialampert.com.br\\\/en\\\/#\\\/schema\\\/logo\\\/image\\\/\"},\"sameAs\":[\"https:\\\/\\\/www.facebook.com\\\/leticia.lampert\",\"https:\\\/\\\/x.com\\\/lelampert\",\"https:\\\/\\\/vimeo.com\\\/lelampert\",\"https:\\\/\\\/br.pinterest.com\\\/lelampert\\\/\",\"https:\\\/\\\/br.linkedin.com\\\/in\\\/leticialampert\\\/\",\"https:\\\/\\\/www.instagram.com\\\/leticia.lampert\"]}]}<\/script>\n<!-- \/ Yoast SEO plugin. -->","yoast_head_json":{"title":"Books and prints","robots":{"index":"index","follow":"follow","max-snippet":"max-snippet:-1","max-image-preview":"max-image-preview:large","max-video-preview":"max-video-preview:-1"},"og_locale":"en_US","og_type":"article","og_title":"Books and prints","og_url":"https:\/\/www.leticialampert.com.br\/en\/store\/","og_site_name":"LET\u00cdCIA LAMPERT","article_publisher":"https:\/\/www.facebook.com\/leticia.lampert","article_modified_time":"2026-02-25T21:32:17+00:00","schema":{"@context":"https:\/\/schema.org","@graph":[{"@type":"WebPage","@id":"https:\/\/www.leticialampert.com.br\/en\/store\/","url":"https:\/\/www.leticialampert.com.br\/en\/store\/","name":"Lojinha Let\u00edcia Lampert | Livros e edi\u00e7\u00f5es especiais","isPartOf":{"@id":"https:\/\/www.leticialampert.com.br\/#website"},"datePublished":"2022-07-28T01:22:28+00:00","dateModified":"2026-02-25T21:32:17+00:00","description":"Visite a Lojinha de Let\u00edcia Lampert: livros, publica\u00e7\u00f5es e obras de fotografia autoral dispon\u00edveis para compra. Produtos exclusivos com envio \u00e1gil.","breadcrumb":{"@id":"https:\/\/www.leticialampert.com.br\/en\/store\/#breadcrumb"},"inLanguage":"en-US","potentialAction":[{"@type":"ReadAction","target":["https:\/\/www.leticialampert.com.br\/en\/store\/"]}]},{"@type":"BreadcrumbList","@id":"https:\/\/www.leticialampert.com.br\/en\/store\/#breadcrumb","itemListElement":[{"@type":"ListItem","position":1,"name":"Home","item":"https:\/\/www.leticialampert.com.br\/"},{"@type":"ListItem","position":2,"name":"Books and prints"}]},{"@type":"WebSite","@id":"https:\/\/www.leticialampert.com.br\/en\/#website","url":"https:\/\/www.leticialampert.com.br\/en\/","name":"LET\u00cdCIA LAMPERT","description":"Art | Photography","publisher":{"@id":"https:\/\/www.leticialampert.com.br\/en\/#organization"},"potentialAction":[{"@type":"SearchAction","target":{"@type":"EntryPoint","urlTemplate":"https:\/\/www.leticialampert.com.br\/en\/?s={search_term_string}"},"query-input":{"@type":"PropertyValueSpecification","valueRequired":true,"valueName":"search_term_string"}}],"inLanguage":"en-US"},{"@type":"Organization","@id":"https:\/\/www.leticialampert.com.br\/en\/#organization","name":"LET\u00cdCIA LAMPERT","url":"https:\/\/www.leticialampert.com.br\/en\/","logo":{"@type":"ImageObject","inLanguage":"en-US","@id":"https:\/\/www.leticialampert.com.br\/en\/#\/schema\/logo\/image\/","url":"https:\/\/www.leticialampert.com.br\/wp-content\/uploads\/2016\/07\/leticia_site_g.jpg","contentUrl":"https:\/\/www.leticialampert.com.br\/wp-content\/uploads\/2016\/07\/leticia_site_g.jpg","width":760,"height":160,"caption":"LET\u00cdCIA LAMPERT"},"image":{"@id":"https:\/\/www.leticialampert.com.br\/en\/#\/schema\/logo\/image\/"},"sameAs":["https:\/\/www.facebook.com\/leticia.lampert","https:\/\/x.com\/lelampert","https:\/\/vimeo.com\/lelampert","https:\/\/br.pinterest.com\/lelampert\/","https:\/\/br.linkedin.com\/in\/leticialampert\/","https:\/\/www.instagram.com\/leticia.lampert"]}]}},"_links":{"self":[{"href":"https:\/\/www.leticialampert.com.br\/en\/wp-json\/wp\/v2\/pages\/3162","targetHints":{"allow":["GET"]}}],"collection":[{"href":"https:\/\/www.leticialampert.com.br\/en\/wp-json\/wp\/v2\/pages"}],"about":[{"href":"https:\/\/www.leticialampert.com.br\/en\/wp-json\/wp\/v2\/types\/page"}],"author":[{"embeddable":true,"href":"https:\/\/www.leticialampert.com.br\/en\/wp-json\/wp\/v2\/users\/1"}],"replies":[{"embeddable":true,"href":"https:\/\/www.leticialampert.com.br\/en\/wp-json\/wp\/v2\/comments?post=3162"}],"version-history":[{"count":3,"href":"https:\/\/www.leticialampert.com.br\/en\/wp-json\/wp\/v2\/pages\/3162\/revisions"}],"predecessor-version":[{"id":4259,"href":"https:\/\/www.leticialampert.com.br\/en\/wp-json\/wp\/v2\/pages\/3162\/revisions\/4259"}],"wp:attachment":[{"href":"https:\/\/www.leticialampert.com.br\/en\/wp-json\/wp\/v2\/media?parent=3162"}],"curies":[{"name":"wp","href":"https:\/\/api.w.org\/{rel}","templated":true}]}}