{"id":213,"date":"2014-11-30T12:15:37","date_gmt":"2014-11-30T12:15:37","guid":{"rendered":"http:\/\/www.leticialampert.com.br\/site\/?page_id=213"},"modified":"2017-12-11T15:27:36","modified_gmt":"2017-12-11T15:27:36","slug":"desconstrucoes-alexandre-santos","status":"publish","type":"page","link":"https:\/\/www.leticialampert.com.br\/en\/texts\/deconstructions-alexandre-santos\/","title":{"rendered":"(de)constructions- Alexandre Santos"},"content":{"rendered":"<p>In her \u201c(de)constructions\u201d, Leticia Lampert invites us to an oddish experience facing the possibilities of the photographic compositions. Based on photo collage principles &#8211; used strategy since the avant-gardes, especially Dadaism &#8211; the artist shows the artificial sense of deconstructed architectures, and post-reconstruction under the ordered disorder principle. Throughout her images we can watch the fading refuse of our selective memories while we process the excessive daily visual stimulus. Apparently plain, those photo collages are full of ambiguity, offering a dense criticism to the contemporary cities\u2019 life. In those combinations, which remind us the ghettos\u2019 improvised constructions, we can see the poor kitsch of the decorative elements, the exaggerated protection comfortlessness and the time waste power over things and people. Those images inhabitants, shown in many scales, at the same time blur our vision and our understanding of the space around us, and also point towards its disturbing fragility like almost random parts in this poetic landscape.<\/p>\n<p style=\"text-align: right;\"><strong>Alexandre Santos<br \/>\n<\/strong><strong>Historian and Art Critic<br \/>\n<\/strong>Presentation for the solo exhibition (de)constructions, Galeria dos Arcos &#8211; Usina do Gas\u00f4metro &#8211; 2008<br \/>\nPorto Alegre\/RS &#8211; Brazil<\/p>\n","protected":false},"excerpt":{"rendered":"<p>In her \u201c(de)constructions\u201d, Leticia Lampert invites us to an oddish experience facing the possibilities of the photographic compositions. Based on photo collage principles &#8211; used strategy since the avant-gardes, especially Dadaism &#8211; the artist shows the artificial sense of deconstructed architectures, and post-reconstruction under the ordered disorder principle. Throughout her &hellip;<\/p>\n<div class=\"wrap-excerpt-more\"><a class=\"excerpt-more\" href=\"https:\/\/www.leticialampert.com.br\/en\/texts\/deconstructions-alexandre-santos\/\">Read more<\/a><\/div>\n","protected":false},"author":1,"featured_media":0,"parent":11,"menu_order":0,"comment_status":"closed","ping_status":"closed","template":"template-loja.php","meta":{"footnotes":""},"class_list":["post-213","page","type-page","status-publish","hentry","post--no-featured-image"],"yoast_head":"<!-- This site is optimized with the Yoast SEO plugin v27.4 - https:\/\/yoast.com\/product\/yoast-seo-wordpress\/ -->\n<title>(de)constructions- Alexandre Santos<\/title>\n<meta name=\"description\" content=\"In her \u201c(de)constructions\u201d, Leticia Lampert invites us to an oddish experience facing the possibilities of the photographic compositions. Based on photo collage principles - used strategy since the avant-gardes, especially Dadaism - the artist shows the artificial sense of deconstructed architectures, and post-reconstruction under the ordered disorder principle. Throughout her images we can watch the&hellip;\" \/>\n<meta name=\"robots\" content=\"index, follow, max-snippet:-1, max-image-preview:large, max-video-preview:-1\" \/>\n<link rel=\"canonical\" href=\"http:\/\/In%20her%20\u201c(de)constructions\u201d,%20Leticia%20Lampert%20invites%20us%20to%20an%20oddish%20experience%20facing%20the%20possibilities%20of%20the%20photographic%20compositions.%20Based%20on%20photo%20collage%20principles%20-%20used%20strategy%20since%20the%20avant-gardes,%20especially%20Dadaism%20-%20the%20artist%20shows%20the%20artificial%20sense%20of%20deconstructed%20architectures,%20and%20post-reconstruction%20under%20the%20ordered%20disorder%20principle.%20Throughout%20her%20images%20we%20can%20watch%20the&hellip;\" \/>\n<meta property=\"og:locale\" content=\"en_US\" \/>\n<meta property=\"og:type\" content=\"article\" \/>\n<meta property=\"og:title\" content=\"(de)constructions- Alexandre Santos\" \/>\n<meta property=\"og:description\" content=\"In her \u201c(de)constructions\u201d, Leticia Lampert invites us to an oddish experience facing the possibilities of the photographic compositions. Based on photo collage principles - used strategy since the avant-gardes, especially Dadaism - the artist shows the artificial sense of deconstructed architectures, and post-reconstruction under the ordered disorder principle. Throughout her images we can watch the&hellip;\" \/>\n<meta property=\"og:url\" content=\"https:\/\/www.leticialampert.com.br\/en\/texts\/deconstructions-alexandre-santos\/\" \/>\n<meta property=\"og:site_name\" content=\"LET\u00cdCIA LAMPERT\" \/>\n<meta property=\"article:publisher\" content=\"https:\/\/www.facebook.com\/leticia.lampert\" \/>\n<meta property=\"article:modified_time\" content=\"2017-12-11T15:27:36+00:00\" \/>\n<script type=\"application\/ld+json\" class=\"yoast-schema-graph\">{\"@context\":\"https:\\\/\\\/schema.org\",\"@graph\":[{\"@type\":\"WebPage\",\"@id\":\"https:\\\/\\\/www.leticialampert.com.br\\\/en\\\/texts\\\/deconstructions-alexandre-santos\\\/\",\"url\":\"https:\\\/\\\/www.leticialampert.com.br\\\/en\\\/texts\\\/deconstructions-alexandre-santos\\\/\",\"name\":\"(des)constru\u00e7\u00f5es - Alexandre Santos - LET\u00cdCIA LAMPERT\",\"isPartOf\":{\"@id\":\"https:\\\/\\\/www.leticialampert.com.br\\\/#website\"},\"datePublished\":\"2014-11-30T12:15:37+00:00\",\"dateModified\":\"2017-12-11T15:27:36+00:00\",\"breadcrumb\":{\"@id\":\"https:\\\/\\\/www.leticialampert.com.br\\\/en\\\/texts\\\/deconstructions-alexandre-santos\\\/#breadcrumb\"},\"inLanguage\":\"en-US\",\"potentialAction\":[{\"@type\":\"ReadAction\",\"target\":[\"https:\\\/\\\/www.leticialampert.com.br\\\/en\\\/texts\\\/deconstructions-alexandre-santos\\\/\"]}]},{\"@type\":\"BreadcrumbList\",\"@id\":\"https:\\\/\\\/www.leticialampert.com.br\\\/en\\\/texts\\\/deconstructions-alexandre-santos\\\/#breadcrumb\",\"itemListElement\":[{\"@type\":\"ListItem\",\"position\":1,\"name\":\"Home\",\"item\":\"https:\\\/\\\/www.leticialampert.com.br\\\/\"},{\"@type\":\"ListItem\",\"position\":2,\"name\":\"Texts\",\"item\":\"https:\\\/\\\/www.leticialampert.com.br\\\/textos\\\/\"},{\"@type\":\"ListItem\",\"position\":3,\"name\":\"(de)constructions- Alexandre Santos\"}]},{\"@type\":\"WebSite\",\"@id\":\"https:\\\/\\\/www.leticialampert.com.br\\\/en\\\/#website\",\"url\":\"https:\\\/\\\/www.leticialampert.com.br\\\/en\\\/\",\"name\":\"LET\u00cdCIA LAMPERT\",\"description\":\"Art | Photography\",\"publisher\":{\"@id\":\"https:\\\/\\\/www.leticialampert.com.br\\\/en\\\/#organization\"},\"potentialAction\":[{\"@type\":\"SearchAction\",\"target\":{\"@type\":\"EntryPoint\",\"urlTemplate\":\"https:\\\/\\\/www.leticialampert.com.br\\\/en\\\/?s={search_term_string}\"},\"query-input\":{\"@type\":\"PropertyValueSpecification\",\"valueRequired\":true,\"valueName\":\"search_term_string\"}}],\"inLanguage\":\"en-US\"},{\"@type\":\"Organization\",\"@id\":\"https:\\\/\\\/www.leticialampert.com.br\\\/en\\\/#organization\",\"name\":\"LET\u00cdCIA LAMPERT\",\"url\":\"https:\\\/\\\/www.leticialampert.com.br\\\/en\\\/\",\"logo\":{\"@type\":\"ImageObject\",\"inLanguage\":\"en-US\",\"@id\":\"https:\\\/\\\/www.leticialampert.com.br\\\/en\\\/#\\\/schema\\\/logo\\\/image\\\/\",\"url\":\"https:\\\/\\\/www.leticialampert.com.br\\\/wp-content\\\/uploads\\\/2016\\\/07\\\/leticia_site_g.jpg\",\"contentUrl\":\"https:\\\/\\\/www.leticialampert.com.br\\\/wp-content\\\/uploads\\\/2016\\\/07\\\/leticia_site_g.jpg\",\"width\":760,\"height\":160,\"caption\":\"LET\u00cdCIA LAMPERT\"},\"image\":{\"@id\":\"https:\\\/\\\/www.leticialampert.com.br\\\/en\\\/#\\\/schema\\\/logo\\\/image\\\/\"},\"sameAs\":[\"https:\\\/\\\/www.facebook.com\\\/leticia.lampert\",\"https:\\\/\\\/x.com\\\/lelampert\",\"https:\\\/\\\/vimeo.com\\\/lelampert\",\"https:\\\/\\\/br.pinterest.com\\\/lelampert\\\/\",\"https:\\\/\\\/br.linkedin.com\\\/in\\\/leticialampert\\\/\",\"https:\\\/\\\/www.instagram.com\\\/leticia.lampert\"]}]}<\/script>\n<!-- \/ Yoast SEO plugin. -->","yoast_head_json":{"title":"(de)constructions- Alexandre Santos","description":"In her \u201c(de)constructions\u201d, Leticia Lampert invites us to an oddish experience facing the possibilities of the photographic compositions. Based on photo collage principles - used strategy since the avant-gardes, especially Dadaism - the artist shows the artificial sense of deconstructed architectures, and post-reconstruction under the ordered disorder principle. Throughout her images we can watch the&hellip;","robots":{"index":"index","follow":"follow","max-snippet":"max-snippet:-1","max-image-preview":"max-image-preview:large","max-video-preview":"max-video-preview:-1"},"canonical":"In her \u201c(de)constructions\u201d, Leticia Lampert invites us to an oddish experience facing the possibilities of the photographic compositions. Based on photo collage principles - used strategy since the avant-gardes, especially Dadaism - the artist shows the artificial sense of deconstructed architectures, and post-reconstruction under the ordered disorder principle. Throughout her images we can watch the&hellip;","og_locale":"en_US","og_type":"article","og_title":"(de)constructions- Alexandre Santos","og_description":"In her \u201c(de)constructions\u201d, Leticia Lampert invites us to an oddish experience facing the possibilities of the photographic compositions. Based on photo collage principles - used strategy since the avant-gardes, especially Dadaism - the artist shows the artificial sense of deconstructed architectures, and post-reconstruction under the ordered disorder principle. Throughout her images we can watch the&hellip;","og_url":"https:\/\/www.leticialampert.com.br\/en\/texts\/deconstructions-alexandre-santos\/","og_site_name":"LET\u00cdCIA LAMPERT","article_publisher":"https:\/\/www.facebook.com\/leticia.lampert","article_modified_time":"2017-12-11T15:27:36+00:00","schema":{"@context":"https:\/\/schema.org","@graph":[{"@type":"WebPage","@id":"https:\/\/www.leticialampert.com.br\/en\/texts\/deconstructions-alexandre-santos\/","url":"https:\/\/www.leticialampert.com.br\/en\/texts\/deconstructions-alexandre-santos\/","name":"(des)constru\u00e7\u00f5es - Alexandre Santos - LET\u00cdCIA LAMPERT","isPartOf":{"@id":"https:\/\/www.leticialampert.com.br\/#website"},"datePublished":"2014-11-30T12:15:37+00:00","dateModified":"2017-12-11T15:27:36+00:00","breadcrumb":{"@id":"https:\/\/www.leticialampert.com.br\/en\/texts\/deconstructions-alexandre-santos\/#breadcrumb"},"inLanguage":"en-US","potentialAction":[{"@type":"ReadAction","target":["https:\/\/www.leticialampert.com.br\/en\/texts\/deconstructions-alexandre-santos\/"]}]},{"@type":"BreadcrumbList","@id":"https:\/\/www.leticialampert.com.br\/en\/texts\/deconstructions-alexandre-santos\/#breadcrumb","itemListElement":[{"@type":"ListItem","position":1,"name":"Home","item":"https:\/\/www.leticialampert.com.br\/"},{"@type":"ListItem","position":2,"name":"Texts","item":"https:\/\/www.leticialampert.com.br\/textos\/"},{"@type":"ListItem","position":3,"name":"(de)constructions- Alexandre Santos"}]},{"@type":"WebSite","@id":"https:\/\/www.leticialampert.com.br\/en\/#website","url":"https:\/\/www.leticialampert.com.br\/en\/","name":"LET\u00cdCIA LAMPERT","description":"Art | Photography","publisher":{"@id":"https:\/\/www.leticialampert.com.br\/en\/#organization"},"potentialAction":[{"@type":"SearchAction","target":{"@type":"EntryPoint","urlTemplate":"https:\/\/www.leticialampert.com.br\/en\/?s={search_term_string}"},"query-input":{"@type":"PropertyValueSpecification","valueRequired":true,"valueName":"search_term_string"}}],"inLanguage":"en-US"},{"@type":"Organization","@id":"https:\/\/www.leticialampert.com.br\/en\/#organization","name":"LET\u00cdCIA LAMPERT","url":"https:\/\/www.leticialampert.com.br\/en\/","logo":{"@type":"ImageObject","inLanguage":"en-US","@id":"https:\/\/www.leticialampert.com.br\/en\/#\/schema\/logo\/image\/","url":"https:\/\/www.leticialampert.com.br\/wp-content\/uploads\/2016\/07\/leticia_site_g.jpg","contentUrl":"https:\/\/www.leticialampert.com.br\/wp-content\/uploads\/2016\/07\/leticia_site_g.jpg","width":760,"height":160,"caption":"LET\u00cdCIA LAMPERT"},"image":{"@id":"https:\/\/www.leticialampert.com.br\/en\/#\/schema\/logo\/image\/"},"sameAs":["https:\/\/www.facebook.com\/leticia.lampert","https:\/\/x.com\/lelampert","https:\/\/vimeo.com\/lelampert","https:\/\/br.pinterest.com\/lelampert\/","https:\/\/br.linkedin.com\/in\/leticialampert\/","https:\/\/www.instagram.com\/leticia.lampert"]}]}},"_links":{"self":[{"href":"https:\/\/www.leticialampert.com.br\/en\/wp-json\/wp\/v2\/pages\/213","targetHints":{"allow":["GET"]}}],"collection":[{"href":"https:\/\/www.leticialampert.com.br\/en\/wp-json\/wp\/v2\/pages"}],"about":[{"href":"https:\/\/www.leticialampert.com.br\/en\/wp-json\/wp\/v2\/types\/page"}],"author":[{"embeddable":true,"href":"https:\/\/www.leticialampert.com.br\/en\/wp-json\/wp\/v2\/users\/1"}],"replies":[{"embeddable":true,"href":"https:\/\/www.leticialampert.com.br\/en\/wp-json\/wp\/v2\/comments?post=213"}],"version-history":[{"count":0,"href":"https:\/\/www.leticialampert.com.br\/en\/wp-json\/wp\/v2\/pages\/213\/revisions"}],"up":[{"embeddable":true,"href":"https:\/\/www.leticialampert.com.br\/en\/wp-json\/wp\/v2\/pages\/11"}],"wp:attachment":[{"href":"https:\/\/www.leticialampert.com.br\/en\/wp-json\/wp\/v2\/media?parent=213"}],"curies":[{"name":"wp","href":"https:\/\/api.w.org\/{rel}","templated":true}]}}