{"id":1324,"date":"2017-07-17T00:55:02","date_gmt":"2017-07-17T00:55:02","guid":{"rendered":"http:\/\/www.leticialampert.com.br\/?page_id=1324"},"modified":"2017-07-17T00:55:39","modified_gmt":"2017-07-17T00:55:39","slug":"apresentacao-da-exposicao-conhecidos-de-vista","status":"publish","type":"page","link":"https:\/\/www.leticialampert.com.br\/en\/texts\/presentation-of-the-exhibition-known-by-sight\/","title":{"rendered":"Presentation of the exhibition \"Acquaintances by Sight\""},"content":{"rendered":"<p style=\"padding-left: 390px;\">Now come and see this side: we no longer had a view of the sunrise, but look at the new roof that has appeared; well, now the morning sun arrives half an hour later.<\/p>\n<p style=\"padding-left: 390px;\">Real Estate Speculation, Italo Calvino<\/p>\n<p>Waking up, opening the window and letting the sun in. A simple and banal gesture, routine, that is part of everyone&#8217;s life and daily routine. We open the window to see what the weather is like, to feel the temperature, to look at the city, to air out the house, or simply to let the daylight in. But in cities, increasingly crowded with people, with buildings ever narrower and closer to one another, views and light have become luxuries. More than opening the window and letting the sun in, we open the window and find ourselves facing a concrete wall or, perhaps, the neighbor&#8217;s window. And when our view is another window, we consequently and simultaneously become someone else&#8217;s view. Whether we like it or not, we are all being observed.<\/p>\n<p>And so we close the window, seeking a bit of privacy, trying to escape annoying noises or the curious glances of those anonymous acquaintances who inhabit our daily lives, or rather, strangers who are already so intimate that they could often weave long descriptions of our most banal habits. Our Acquaintances by Sight.<\/p>\n<p>But who are these people? What is the view like from that angle? What&#8217;s on the other side of the wall? Starting from these questions and from a personal production that had already been focusing on the relationships between architecture and living in the city, habits and daily life, I became interested in photographing these city views that I didn&#8217;t know, the view from other people&#8217;s windows, as well as the environment that the facade wall hid.<\/p>\n<p>In a reverse fl\u00e2nerie, where about 40 apartments in Porto Alegre were visited, in addition to photographs taken from windows in other cities, the works presented here cast a critical and poetic eye on a situation that is increasingly common in the contemporary urban context: buildings with windows that are too close together. But even if the city&#8217;s configuration is beyond our control, the way we relate to it and position ourselves in certain situations still depends on us. To open or close the window? In the end, it&#8217;s all a matter of perspective.<\/p>\n<p>Let\u00edcia Lampert<br \/>\nJune 2013<\/p>\n","protected":false},"excerpt":{"rendered":"<p>Now come and see this side: we no longer had a view of the sunrise, but look at the new roof that has appeared; well, now the morning sun arrives half an hour later. Real Estate Speculation, Italo Calvino Waking up, opening the window and letting the sun in. A &hellip;<\/p>\n<div class=\"wrap-excerpt-more\"><a class=\"excerpt-more\" href=\"https:\/\/www.leticialampert.com.br\/en\/texts\/presentation-of-the-exhibition-known-by-sight\/\">Read more<\/a><\/div>\n","protected":false},"author":1,"featured_media":0,"parent":11,"menu_order":0,"comment_status":"closed","ping_status":"closed","template":"template-loja.php","meta":{"footnotes":""},"class_list":["post-1324","page","type-page","status-publish","hentry","post--no-featured-image"],"yoast_head":"<!-- This site is optimized with the Yoast SEO plugin v27.4 - https:\/\/yoast.com\/product\/yoast-seo-wordpress\/ -->\n<title>Presentation of the exhibition &quot;Acquaintances by Sight&quot;<\/title>\n<meta name=\"description\" content=\"Now come and see this side: we no longer had a view of the sunrise, but look at the new roof that has appeared; well, now the morning sun arrives half an hour later. Real Estate Speculation, Italo Calvino Waking up, opening the window and letting the sun in. A simple and banal gesture, routine,&hellip;\" \/>\n<meta name=\"robots\" content=\"index, follow, max-snippet:-1, max-image-preview:large, max-video-preview:-1\" \/>\n<link rel=\"canonical\" href=\"\" \/>\n<meta property=\"og:locale\" content=\"en_US\" \/>\n<meta property=\"og:type\" content=\"article\" \/>\n<meta property=\"og:title\" content=\"Presentation of the exhibition &quot;Acquaintances by Sight&quot;\" \/>\n<meta property=\"og:description\" content=\"Now come and see this side: we no longer had a view of the sunrise, but look at the new roof that has appeared; well, now the morning sun arrives half an hour later. Real Estate Speculation, Italo Calvino Waking up, opening the window and letting the sun in. A simple and banal gesture, routine,&hellip;\" \/>\n<meta property=\"og:url\" content=\"https:\/\/www.leticialampert.com.br\/en\/texts\/presentation-of-the-exhibition-known-by-sight\/\" \/>\n<meta property=\"og:site_name\" content=\"LET\u00cdCIA LAMPERT\" \/>\n<meta property=\"article:publisher\" content=\"https:\/\/www.facebook.com\/leticia.lampert\" \/>\n<meta property=\"article:modified_time\" content=\"2017-07-17T00:55:39+00:00\" \/>\n<script type=\"application\/ld+json\" class=\"yoast-schema-graph\">{\"@context\":\"https:\\\/\\\/schema.org\",\"@graph\":[{\"@type\":\"WebPage\",\"@id\":\"https:\\\/\\\/www.leticialampert.com.br\\\/en\\\/texts\\\/presentation-of-the-exhibition-known-by-sight\\\/\",\"url\":\"https:\\\/\\\/www.leticialampert.com.br\\\/en\\\/texts\\\/presentation-of-the-exhibition-known-by-sight\\\/\",\"name\":\"Apresenta\u00e7\u00e3o da exposi\u00e7\u00e3o Conhecidos de Vista - LET\u00cdCIA LAMPERT\",\"isPartOf\":{\"@id\":\"https:\\\/\\\/www.leticialampert.com.br\\\/#website\"},\"datePublished\":\"2017-07-17T00:55:02+00:00\",\"dateModified\":\"2017-07-17T00:55:39+00:00\",\"breadcrumb\":{\"@id\":\"https:\\\/\\\/www.leticialampert.com.br\\\/en\\\/texts\\\/presentation-of-the-exhibition-known-by-sight\\\/#breadcrumb\"},\"inLanguage\":\"en-US\",\"potentialAction\":[{\"@type\":\"ReadAction\",\"target\":[\"https:\\\/\\\/www.leticialampert.com.br\\\/en\\\/texts\\\/presentation-of-the-exhibition-known-by-sight\\\/\"]}]},{\"@type\":\"BreadcrumbList\",\"@id\":\"https:\\\/\\\/www.leticialampert.com.br\\\/en\\\/texts\\\/presentation-of-the-exhibition-known-by-sight\\\/#breadcrumb\",\"itemListElement\":[{\"@type\":\"ListItem\",\"position\":1,\"name\":\"Home\",\"item\":\"https:\\\/\\\/www.leticialampert.com.br\\\/\"},{\"@type\":\"ListItem\",\"position\":2,\"name\":\"Texts\",\"item\":\"https:\\\/\\\/www.leticialampert.com.br\\\/textos\\\/\"},{\"@type\":\"ListItem\",\"position\":3,\"name\":\"Presentation of the exhibition \\\"Acquaintances by Sight\\\"\"}]},{\"@type\":\"WebSite\",\"@id\":\"https:\\\/\\\/www.leticialampert.com.br\\\/en\\\/#website\",\"url\":\"https:\\\/\\\/www.leticialampert.com.br\\\/en\\\/\",\"name\":\"LET\u00cdCIA LAMPERT\",\"description\":\"Art | Photography\",\"publisher\":{\"@id\":\"https:\\\/\\\/www.leticialampert.com.br\\\/en\\\/#organization\"},\"potentialAction\":[{\"@type\":\"SearchAction\",\"target\":{\"@type\":\"EntryPoint\",\"urlTemplate\":\"https:\\\/\\\/www.leticialampert.com.br\\\/en\\\/?s={search_term_string}\"},\"query-input\":{\"@type\":\"PropertyValueSpecification\",\"valueRequired\":true,\"valueName\":\"search_term_string\"}}],\"inLanguage\":\"en-US\"},{\"@type\":\"Organization\",\"@id\":\"https:\\\/\\\/www.leticialampert.com.br\\\/en\\\/#organization\",\"name\":\"LET\u00cdCIA LAMPERT\",\"url\":\"https:\\\/\\\/www.leticialampert.com.br\\\/en\\\/\",\"logo\":{\"@type\":\"ImageObject\",\"inLanguage\":\"en-US\",\"@id\":\"https:\\\/\\\/www.leticialampert.com.br\\\/en\\\/#\\\/schema\\\/logo\\\/image\\\/\",\"url\":\"https:\\\/\\\/www.leticialampert.com.br\\\/wp-content\\\/uploads\\\/2016\\\/07\\\/leticia_site_g.jpg\",\"contentUrl\":\"https:\\\/\\\/www.leticialampert.com.br\\\/wp-content\\\/uploads\\\/2016\\\/07\\\/leticia_site_g.jpg\",\"width\":760,\"height\":160,\"caption\":\"LET\u00cdCIA LAMPERT\"},\"image\":{\"@id\":\"https:\\\/\\\/www.leticialampert.com.br\\\/en\\\/#\\\/schema\\\/logo\\\/image\\\/\"},\"sameAs\":[\"https:\\\/\\\/www.facebook.com\\\/leticia.lampert\",\"https:\\\/\\\/x.com\\\/lelampert\",\"https:\\\/\\\/vimeo.com\\\/lelampert\",\"https:\\\/\\\/br.pinterest.com\\\/lelampert\\\/\",\"https:\\\/\\\/br.linkedin.com\\\/in\\\/leticialampert\\\/\",\"https:\\\/\\\/www.instagram.com\\\/leticia.lampert\"]}]}<\/script>\n<!-- \/ Yoast SEO plugin. -->","yoast_head_json":{"title":"Presentation of the exhibition \"Acquaintances by Sight\"","description":"Now come and see this side: we no longer had a view of the sunrise, but look at the new roof that has appeared; well, now the morning sun arrives half an hour later. Real Estate Speculation, Italo Calvino Waking up, opening the window and letting the sun in. A simple and banal gesture, routine,&hellip;","robots":{"index":"index","follow":"follow","max-snippet":"max-snippet:-1","max-image-preview":"max-image-preview:large","max-video-preview":"max-video-preview:-1"},"canonical":"Now come and see this side: we no longer had a view of the sunrise, but look at the new roof that has appeared; well, now the morning sun arrives half an hour later. Real Estate Speculation, Italo Calvino Waking up, opening the window and letting the sun in. A simple and banal gesture, routine,&hellip;","og_locale":"en_US","og_type":"article","og_title":"Presentation of the exhibition \"Acquaintances by Sight\"","og_description":"Now come and see this side: we no longer had a view of the sunrise, but look at the new roof that has appeared; well, now the morning sun arrives half an hour later. Real Estate Speculation, Italo Calvino Waking up, opening the window and letting the sun in. A simple and banal gesture, routine,&hellip;","og_url":"https:\/\/www.leticialampert.com.br\/en\/texts\/presentation-of-the-exhibition-known-by-sight\/","og_site_name":"LET\u00cdCIA LAMPERT","article_publisher":"https:\/\/www.facebook.com\/leticia.lampert","article_modified_time":"2017-07-17T00:55:39+00:00","schema":{"@context":"https:\/\/schema.org","@graph":[{"@type":"WebPage","@id":"https:\/\/www.leticialampert.com.br\/en\/texts\/presentation-of-the-exhibition-known-by-sight\/","url":"https:\/\/www.leticialampert.com.br\/en\/texts\/presentation-of-the-exhibition-known-by-sight\/","name":"Apresenta\u00e7\u00e3o da exposi\u00e7\u00e3o Conhecidos de Vista - LET\u00cdCIA LAMPERT","isPartOf":{"@id":"https:\/\/www.leticialampert.com.br\/#website"},"datePublished":"2017-07-17T00:55:02+00:00","dateModified":"2017-07-17T00:55:39+00:00","breadcrumb":{"@id":"https:\/\/www.leticialampert.com.br\/en\/texts\/presentation-of-the-exhibition-known-by-sight\/#breadcrumb"},"inLanguage":"en-US","potentialAction":[{"@type":"ReadAction","target":["https:\/\/www.leticialampert.com.br\/en\/texts\/presentation-of-the-exhibition-known-by-sight\/"]}]},{"@type":"BreadcrumbList","@id":"https:\/\/www.leticialampert.com.br\/en\/texts\/presentation-of-the-exhibition-known-by-sight\/#breadcrumb","itemListElement":[{"@type":"ListItem","position":1,"name":"Home","item":"https:\/\/www.leticialampert.com.br\/"},{"@type":"ListItem","position":2,"name":"Texts","item":"https:\/\/www.leticialampert.com.br\/textos\/"},{"@type":"ListItem","position":3,"name":"Presentation of the exhibition \"Acquaintances by Sight\""}]},{"@type":"WebSite","@id":"https:\/\/www.leticialampert.com.br\/en\/#website","url":"https:\/\/www.leticialampert.com.br\/en\/","name":"LET\u00cdCIA LAMPERT","description":"Art | Photography","publisher":{"@id":"https:\/\/www.leticialampert.com.br\/en\/#organization"},"potentialAction":[{"@type":"SearchAction","target":{"@type":"EntryPoint","urlTemplate":"https:\/\/www.leticialampert.com.br\/en\/?s={search_term_string}"},"query-input":{"@type":"PropertyValueSpecification","valueRequired":true,"valueName":"search_term_string"}}],"inLanguage":"en-US"},{"@type":"Organization","@id":"https:\/\/www.leticialampert.com.br\/en\/#organization","name":"LET\u00cdCIA LAMPERT","url":"https:\/\/www.leticialampert.com.br\/en\/","logo":{"@type":"ImageObject","inLanguage":"en-US","@id":"https:\/\/www.leticialampert.com.br\/en\/#\/schema\/logo\/image\/","url":"https:\/\/www.leticialampert.com.br\/wp-content\/uploads\/2016\/07\/leticia_site_g.jpg","contentUrl":"https:\/\/www.leticialampert.com.br\/wp-content\/uploads\/2016\/07\/leticia_site_g.jpg","width":760,"height":160,"caption":"LET\u00cdCIA LAMPERT"},"image":{"@id":"https:\/\/www.leticialampert.com.br\/en\/#\/schema\/logo\/image\/"},"sameAs":["https:\/\/www.facebook.com\/leticia.lampert","https:\/\/x.com\/lelampert","https:\/\/vimeo.com\/lelampert","https:\/\/br.pinterest.com\/lelampert\/","https:\/\/br.linkedin.com\/in\/leticialampert\/","https:\/\/www.instagram.com\/leticia.lampert"]}]}},"_links":{"self":[{"href":"https:\/\/www.leticialampert.com.br\/en\/wp-json\/wp\/v2\/pages\/1324","targetHints":{"allow":["GET"]}}],"collection":[{"href":"https:\/\/www.leticialampert.com.br\/en\/wp-json\/wp\/v2\/pages"}],"about":[{"href":"https:\/\/www.leticialampert.com.br\/en\/wp-json\/wp\/v2\/types\/page"}],"author":[{"embeddable":true,"href":"https:\/\/www.leticialampert.com.br\/en\/wp-json\/wp\/v2\/users\/1"}],"replies":[{"embeddable":true,"href":"https:\/\/www.leticialampert.com.br\/en\/wp-json\/wp\/v2\/comments?post=1324"}],"version-history":[{"count":0,"href":"https:\/\/www.leticialampert.com.br\/en\/wp-json\/wp\/v2\/pages\/1324\/revisions"}],"up":[{"embeddable":true,"href":"https:\/\/www.leticialampert.com.br\/en\/wp-json\/wp\/v2\/pages\/11"}],"wp:attachment":[{"href":"https:\/\/www.leticialampert.com.br\/en\/wp-json\/wp\/v2\/media?parent=1324"}],"curies":[{"name":"wp","href":"https:\/\/api.w.org\/{rel}","templated":true}]}}