{"id":13,"date":"2014-11-27T16:23:54","date_gmt":"2014-11-27T16:23:54","guid":{"rendered":"http:\/\/www.leticialampert.com.br\/site\/?page_id=13"},"modified":"2026-02-25T19:28:34","modified_gmt":"2026-02-25T22:28:34","slug":"bio","status":"publish","type":"page","link":"https:\/\/www.leticialampert.com.br\/en\/bio\/","title":{"rendered":"Bio"},"content":{"rendered":"<p>Brazilian artist and designer, Leticia works mainly with photography, collage, and artist\u2019s books. Her work focuses on ways of seeing the landscape, especially in an urban environment, and on how architecture mediates our relationship with places. She has graduated in Graphic Design and Visual Arts and also has an MFA in Visual Poetics. She has her work highlighted in awards such as the Pr\u00eamio A\u00e7orianos de Artes Pl\u00e1sticas, in 2009, the Pierre Verger National Prize of Photography, in 2013, and the Chico Albuquerque Prize of Photography, in 2019, among others. She has participated in Brazil, China, Taiwan, France and Russia. She published The Color Scale of Things (2009), Chai (2016), Known by Sight (Incompleta, 2018), Silent City (2022), Practices for Dismantling the City (Incompleta, 2025), and H\u00e1 uma cidade por tr\u00e1s (2026). Since 2016 she has been given workshops on art, photography, and independent publishing in different cities in Brazil.<\/p>\n<p>In Brazil, she is represented by <a href=\"https:\/\/www.arteformatto.com.br\/\" target=\"_blank\" rel=\"noopener noreferrer\">Galeria ArteFormatto<\/a>, in Sao Paulo, <a href=\"http:\/\/www.galeriamamute.com.br\/\" target=\"_blank\" rel=\"noopener noreferrer\">Galeria Mamute,<\/a> in Florian\u00f3polis, and <a href=\"https:\/\/rvculturaearte.com\/\" target=\"_blank\" rel=\"noopener\">RV Cultura e Arte<\/a>, in Salvador.<\/p>\n<p>In parallel to her work as a visual artist, Leticia also works as a freelance graphic designer, and her commercial portfolio can be seen <a href=\"http:\/\/www.visudesign.com.br\/\" target=\"_blank\" rel=\"noopener noreferrer\">here<\/a>.<\/p>\n","protected":false},"excerpt":{"rendered":"<p>Brazilian artist and designer, Leticia works mainly with photography, collage, and artist\u2019s books. Her work focuses on ways of seeing the landscape, especially in an urban environment, and on how architecture mediates our relationship with places. She has graduated in Graphic Design and Visual Arts and also has an MFA &hellip;<\/p>\n<div class=\"wrap-excerpt-more\"><a class=\"excerpt-more\" href=\"https:\/\/www.leticialampert.com.br\/en\/bio\/\">Read more<\/a><\/div>\n","protected":false},"author":1,"featured_media":0,"parent":0,"menu_order":4,"comment_status":"closed","ping_status":"closed","template":"template-loja.php","meta":{"footnotes":""},"class_list":["post-13","page","type-page","status-publish","hentry","post--no-featured-image"],"yoast_head":"<!-- This site is optimized with the Yoast SEO plugin v27.4 - https:\/\/yoast.com\/product\/yoast-seo-wordpress\/ -->\n<title>Bio<\/title>\n<meta name=\"description\" content=\"Brazilian artist and designer, Leticia works mainly with photography, collage, and artist\u2019s books. Her work focuses on ways of seeing the landscape, especially in an urban environment, and on how architecture mediates our relationship with places. She has graduated in Graphic Design and Visual Arts and also has an MFA in Visual Poetics. She has&hellip;\" \/>\n<meta name=\"robots\" content=\"index, follow, max-snippet:-1, max-image-preview:large, max-video-preview:-1\" \/>\n<link rel=\"canonical\" href=\"http:\/\/Brazilian%20artist%20and%20designer,%20Leticia%20works%20mainly%20with%20photography,%20collage,%20and%20artist\u2019s%20books.%20Her%20work%20focuses%20on%20ways%20of%20seeing%20the%20landscape,%20especially%20in%20an%20urban%20environment,%20and%20on%20how%20architecture%20mediates%20our%20relationship%20with%20places.%20She%20has%20graduated%20in%20Graphic%20Design%20and%20Visual%20Arts%20and%20also%20has%20an%20MFA%20in%20Visual%20Poetics.%20She%20has&hellip;\" \/>\n<meta property=\"og:locale\" content=\"en_US\" \/>\n<meta property=\"og:type\" content=\"article\" \/>\n<meta property=\"og:title\" content=\"Bio\" \/>\n<meta property=\"og:description\" content=\"Brazilian artist and designer, Leticia works mainly with photography, collage, and artist\u2019s books. Her work focuses on ways of seeing the landscape, especially in an urban environment, and on how architecture mediates our relationship with places. She has graduated in Graphic Design and Visual Arts and also has an MFA in Visual Poetics. She has&hellip;\" \/>\n<meta property=\"og:url\" content=\"https:\/\/www.leticialampert.com.br\/en\/bio\/\" \/>\n<meta property=\"og:site_name\" content=\"LET\u00cdCIA LAMPERT\" \/>\n<meta property=\"article:publisher\" content=\"https:\/\/www.facebook.com\/leticia.lampert\" \/>\n<meta property=\"article:modified_time\" content=\"2026-02-25T22:28:34+00:00\" \/>\n<script type=\"application\/ld+json\" class=\"yoast-schema-graph\">{\"@context\":\"https:\\\/\\\/schema.org\",\"@graph\":[{\"@type\":\"WebPage\",\"@id\":\"https:\\\/\\\/www.leticialampert.com.br\\\/en\\\/bio\\\/\",\"url\":\"https:\\\/\\\/www.leticialampert.com.br\\\/en\\\/bio\\\/\",\"name\":\"Bio - LET\u00cdCIA LAMPERT\",\"isPartOf\":{\"@id\":\"https:\\\/\\\/www.leticialampert.com.br\\\/#website\"},\"datePublished\":\"2014-11-27T16:23:54+00:00\",\"dateModified\":\"2026-02-25T22:28:34+00:00\",\"description\":\"Mini biografia da artista visual, fotografa e designer gr\u00e1fica Let\u00edcia Lampert\",\"breadcrumb\":{\"@id\":\"https:\\\/\\\/www.leticialampert.com.br\\\/en\\\/bio\\\/#breadcrumb\"},\"inLanguage\":\"en-US\",\"potentialAction\":[{\"@type\":\"ReadAction\",\"target\":[\"https:\\\/\\\/www.leticialampert.com.br\\\/en\\\/bio\\\/\"]}]},{\"@type\":\"BreadcrumbList\",\"@id\":\"https:\\\/\\\/www.leticialampert.com.br\\\/en\\\/bio\\\/#breadcrumb\",\"itemListElement\":[{\"@type\":\"ListItem\",\"position\":1,\"name\":\"Home\",\"item\":\"https:\\\/\\\/www.leticialampert.com.br\\\/\"},{\"@type\":\"ListItem\",\"position\":2,\"name\":\"Bio\"}]},{\"@type\":\"WebSite\",\"@id\":\"https:\\\/\\\/www.leticialampert.com.br\\\/en\\\/#website\",\"url\":\"https:\\\/\\\/www.leticialampert.com.br\\\/en\\\/\",\"name\":\"LET\u00cdCIA LAMPERT\",\"description\":\"Art | Photography\",\"publisher\":{\"@id\":\"https:\\\/\\\/www.leticialampert.com.br\\\/en\\\/#organization\"},\"potentialAction\":[{\"@type\":\"SearchAction\",\"target\":{\"@type\":\"EntryPoint\",\"urlTemplate\":\"https:\\\/\\\/www.leticialampert.com.br\\\/en\\\/?s={search_term_string}\"},\"query-input\":{\"@type\":\"PropertyValueSpecification\",\"valueRequired\":true,\"valueName\":\"search_term_string\"}}],\"inLanguage\":\"en-US\"},{\"@type\":\"Organization\",\"@id\":\"https:\\\/\\\/www.leticialampert.com.br\\\/en\\\/#organization\",\"name\":\"LET\u00cdCIA LAMPERT\",\"url\":\"https:\\\/\\\/www.leticialampert.com.br\\\/en\\\/\",\"logo\":{\"@type\":\"ImageObject\",\"inLanguage\":\"en-US\",\"@id\":\"https:\\\/\\\/www.leticialampert.com.br\\\/en\\\/#\\\/schema\\\/logo\\\/image\\\/\",\"url\":\"https:\\\/\\\/www.leticialampert.com.br\\\/wp-content\\\/uploads\\\/2016\\\/07\\\/leticia_site_g.jpg\",\"contentUrl\":\"https:\\\/\\\/www.leticialampert.com.br\\\/wp-content\\\/uploads\\\/2016\\\/07\\\/leticia_site_g.jpg\",\"width\":760,\"height\":160,\"caption\":\"LET\u00cdCIA LAMPERT\"},\"image\":{\"@id\":\"https:\\\/\\\/www.leticialampert.com.br\\\/en\\\/#\\\/schema\\\/logo\\\/image\\\/\"},\"sameAs\":[\"https:\\\/\\\/www.facebook.com\\\/leticia.lampert\",\"https:\\\/\\\/x.com\\\/lelampert\",\"https:\\\/\\\/vimeo.com\\\/lelampert\",\"https:\\\/\\\/br.pinterest.com\\\/lelampert\\\/\",\"https:\\\/\\\/br.linkedin.com\\\/in\\\/leticialampert\\\/\",\"https:\\\/\\\/www.instagram.com\\\/leticia.lampert\"]}]}<\/script>\n<!-- \/ Yoast SEO plugin. -->","yoast_head_json":{"title":"Bio","description":"Brazilian artist and designer, Leticia works mainly with photography, collage, and artist\u2019s books. Her work focuses on ways of seeing the landscape, especially in an urban environment, and on how architecture mediates our relationship with places. She has graduated in Graphic Design and Visual Arts and also has an MFA in Visual Poetics. She has&hellip;","robots":{"index":"index","follow":"follow","max-snippet":"max-snippet:-1","max-image-preview":"max-image-preview:large","max-video-preview":"max-video-preview:-1"},"canonical":"Brazilian artist and designer, Leticia works mainly with photography, collage, and artist\u2019s books. Her work focuses on ways of seeing the landscape, especially in an urban environment, and on how architecture mediates our relationship with places. She has graduated in Graphic Design and Visual Arts and also has an MFA in Visual Poetics. She has&hellip;","og_locale":"en_US","og_type":"article","og_title":"Bio","og_description":"Brazilian artist and designer, Leticia works mainly with photography, collage, and artist\u2019s books. Her work focuses on ways of seeing the landscape, especially in an urban environment, and on how architecture mediates our relationship with places. She has graduated in Graphic Design and Visual Arts and also has an MFA in Visual Poetics. She has&hellip;","og_url":"https:\/\/www.leticialampert.com.br\/en\/bio\/","og_site_name":"LET\u00cdCIA LAMPERT","article_publisher":"https:\/\/www.facebook.com\/leticia.lampert","article_modified_time":"2026-02-25T22:28:34+00:00","schema":{"@context":"https:\/\/schema.org","@graph":[{"@type":"WebPage","@id":"https:\/\/www.leticialampert.com.br\/en\/bio\/","url":"https:\/\/www.leticialampert.com.br\/en\/bio\/","name":"Bio - LET\u00cdCIA LAMPERT","isPartOf":{"@id":"https:\/\/www.leticialampert.com.br\/#website"},"datePublished":"2014-11-27T16:23:54+00:00","dateModified":"2026-02-25T22:28:34+00:00","description":"Mini biografia da artista visual, fotografa e designer gr\u00e1fica Let\u00edcia Lampert","breadcrumb":{"@id":"https:\/\/www.leticialampert.com.br\/en\/bio\/#breadcrumb"},"inLanguage":"en-US","potentialAction":[{"@type":"ReadAction","target":["https:\/\/www.leticialampert.com.br\/en\/bio\/"]}]},{"@type":"BreadcrumbList","@id":"https:\/\/www.leticialampert.com.br\/en\/bio\/#breadcrumb","itemListElement":[{"@type":"ListItem","position":1,"name":"Home","item":"https:\/\/www.leticialampert.com.br\/"},{"@type":"ListItem","position":2,"name":"Bio"}]},{"@type":"WebSite","@id":"https:\/\/www.leticialampert.com.br\/en\/#website","url":"https:\/\/www.leticialampert.com.br\/en\/","name":"LET\u00cdCIA LAMPERT","description":"Art | Photography","publisher":{"@id":"https:\/\/www.leticialampert.com.br\/en\/#organization"},"potentialAction":[{"@type":"SearchAction","target":{"@type":"EntryPoint","urlTemplate":"https:\/\/www.leticialampert.com.br\/en\/?s={search_term_string}"},"query-input":{"@type":"PropertyValueSpecification","valueRequired":true,"valueName":"search_term_string"}}],"inLanguage":"en-US"},{"@type":"Organization","@id":"https:\/\/www.leticialampert.com.br\/en\/#organization","name":"LET\u00cdCIA LAMPERT","url":"https:\/\/www.leticialampert.com.br\/en\/","logo":{"@type":"ImageObject","inLanguage":"en-US","@id":"https:\/\/www.leticialampert.com.br\/en\/#\/schema\/logo\/image\/","url":"https:\/\/www.leticialampert.com.br\/wp-content\/uploads\/2016\/07\/leticia_site_g.jpg","contentUrl":"https:\/\/www.leticialampert.com.br\/wp-content\/uploads\/2016\/07\/leticia_site_g.jpg","width":760,"height":160,"caption":"LET\u00cdCIA LAMPERT"},"image":{"@id":"https:\/\/www.leticialampert.com.br\/en\/#\/schema\/logo\/image\/"},"sameAs":["https:\/\/www.facebook.com\/leticia.lampert","https:\/\/x.com\/lelampert","https:\/\/vimeo.com\/lelampert","https:\/\/br.pinterest.com\/lelampert\/","https:\/\/br.linkedin.com\/in\/leticialampert\/","https:\/\/www.instagram.com\/leticia.lampert"]}]}},"_links":{"self":[{"href":"https:\/\/www.leticialampert.com.br\/en\/wp-json\/wp\/v2\/pages\/13","targetHints":{"allow":["GET"]}}],"collection":[{"href":"https:\/\/www.leticialampert.com.br\/en\/wp-json\/wp\/v2\/pages"}],"about":[{"href":"https:\/\/www.leticialampert.com.br\/en\/wp-json\/wp\/v2\/types\/page"}],"author":[{"embeddable":true,"href":"https:\/\/www.leticialampert.com.br\/en\/wp-json\/wp\/v2\/users\/1"}],"replies":[{"embeddable":true,"href":"https:\/\/www.leticialampert.com.br\/en\/wp-json\/wp\/v2\/comments?post=13"}],"version-history":[{"count":7,"href":"https:\/\/www.leticialampert.com.br\/en\/wp-json\/wp\/v2\/pages\/13\/revisions"}],"predecessor-version":[{"id":4300,"href":"https:\/\/www.leticialampert.com.br\/en\/wp-json\/wp\/v2\/pages\/13\/revisions\/4300"}],"wp:attachment":[{"href":"https:\/\/www.leticialampert.com.br\/en\/wp-json\/wp\/v2\/media?parent=13"}],"curies":[{"name":"wp","href":"https:\/\/api.w.org\/{rel}","templated":true}]}}