{"id":11,"date":"2014-11-27T16:23:43","date_gmt":"2014-11-27T16:23:43","guid":{"rendered":"http:\/\/www.leticialampert.com.br\/site\/?page_id=11"},"modified":"2026-02-25T18:05:47","modified_gmt":"2026-02-25T21:05:47","slug":"textos","status":"publish","type":"page","link":"https:\/\/www.leticialampert.com.br\/en\/texts\/","title":{"rendered":"Texts"},"content":{"rendered":"<p><strong>Selected Features and Reviews:<br \/>\n<\/strong><a href=\"https:\/\/www.lensculture.com\/articles\/leticia-lampert-known-by-sight-only\">Interview at Lens Culture:&nbsp;Known by Sight (Only)<\/a> (feb\/2019)<strong><br \/>\n<\/strong><a href=\"https:\/\/revistazum.com.br\/radar\/melhores-fotolivros-2018\/\">Os melhores fotolivros de 2018 &#8211; Revista Zum<\/a> (dec\/2018)<br \/>\n<a href=\"http:\/\/blogdojuanesteves.tumblr.com\/post\/180310540811\/o-estudo-da-paisagem-urbana-e-as-rela%C3%A7%C3%B5es-humanas\">Conhecidos de Vista &#8211; Let\u00edcia Lampert &#8211; review no Blog do Juan Esteves<\/a> (dec\/2018)<br \/>\n<a href=\"https:\/\/www.designboom.com\/art\/leticia-lampert-series-landscape-different-cities-12-26-2017\/\" target=\"_blank\" rel=\"noopener noreferrer\">Designboom:&nbsp;<\/a><a href=\"https:\/\/www.designboom.com\/art\/leticia-lampert-series-landscape-different-cities-12-26-2017\/\" target=\"_blank\" rel=\"noopener noreferrer\">leticia lampert&#8217;s latest series creates a never-ending landscape mixing different cities<\/a> (dec\/2017)<br \/>\n<a href=\"https:\/\/www.leticialampert.com.br\/en\/textos\/elogiamos-a-casa-que-se-abre-a-perder-de-vista\/\">Curatorial text for the group exhibition <em>We compliment the house that opens up to the lost sight<\/em> &#8211; Mario Gioia <\/a>(dec\/2017)<br \/>\n<a href=\"https:\/\/docs.wixstatic.com\/ugd\/243ed2_ce2b93a5bd894303bdf3e6733f903217.pdf\" target=\"_blank\" rel=\"noopener noreferrer\">Curatorial text for the solo exhibition <em>Exercises for losing sight<\/em> &#8211; Luisa Kiefer<\/a> (may\/2017)<br \/>\n<a href=\"http:\/\/www.rayartcenter.org\/Content_view.aspx?id=8565&amp;types=38\" target=\"_blank\" rel=\"noopener noreferrer\">Ray Art Center:&nbsp;\u6bcf\u6b21\u4f60\u90fd\u5f97\u53bb\u542c\u4ece\u90a3\u4e2a\u5730\u65b9&nbsp;\u2014\u2014\u300a\u62c6\u300b\uff0c\u8389\u7f07\u590f\u00b7\u84dd\u6ce2\u5947\uff1a\u5df4\u897f\u6444\u5f71\u5e08\u7684\u4e0a\u6d77\u62c6\u8fc1\u6545\u4e8b<\/a> (feb\/2017)<br \/>\n<a href=\"http:\/\/www.designboom.com\/architecture\/leticia-lampert-the-living-archaeology-of-private-life-china-12-29-2016\/\" target=\"_blank\" rel=\"noopener noreferrer\">Designboom:&nbsp;let\u00edcia lampert documents the living archaeology of private life in china<\/a> (dec\/2016)<br \/>\n<a href=\"http:\/\/mundofca.com\/destruicao-e-os-cenarios-urbanos-da-xangai-contemporanea-nas-lentes-brasileiras\/\" target=\"_blank\" rel=\"noopener noreferrer\">A destrui\u00e7\u00e3o e os cen\u00e1rios urbanos da Xangai contempor\u00e2nea, nas lentes brasileiras<\/a> (dec\/2016)<br \/>\n<a href=\"http:\/\/www.sp-arte.com\/foto\/noticias\/de-play-confira-e-ouca-os-jovens-fotografos-que-chacoalham-o-cenario-criativo-nacional\/\" target=\"_blank\" rel=\"noopener noreferrer\">SP-arte:&nbsp;D\u00ea play! Confira (e ou\u00e7a) os jovens fot\u00f3grafos que chacoalham o cen\u00e1rio criativo nacional<\/a> (aug\/2016)<br \/>\n<a href=\"http:\/\/www.radarchina.co\/livro-revela-arqueologia-urbana-chinesa\/\">Radar-China:&nbsp;Livro revela a arqueologia urbana chinesa<\/a> (aug\/2016)<br \/>\n<a href=\"http:\/\/unrealplaces.altervista.org\/deconstruction-la-citta-secondo-leticia-lampert\/?doing_wp_cron=1500251392.4919619560241699218750\" target=\"_blank\" rel=\"noopener noreferrer\">(De)Construction: la citt\u00e0 secondo Leticia Lampert<\/a> (may\/2016)<br \/>\n<a href=\"http:\/\/www.lilianpacce.com.br\/e-mais\/sp-arte-foto-2015-12-obras-pra-prestar-atencao\/\" target=\"_blank\" rel=\"noopener noreferrer\">Lilian Pacce:&nbsp;SP-Arte\/Foto 2015: 12 obras pra prestar aten\u00e7\u00e3o!<\/a> (aug\/2015)<br \/>\n<a href=\"https:\/\/issuu.com\/felipeabreu\/docs\/old_47\/38\" target=\"_blank\" rel=\"noopener noreferrer\">Revista Old N\u00ba47: Let\u00edcia Lampert &#8211; Conhecidos de vista<\/a> (jul\/2015)<br \/>\n<a href=\"http:\/\/foto.espm.br\/index.php\/sem-categoria\/conhecidos-de-vista-de-leticia-lampert\/\" target=\"_blank\" rel=\"noopener noreferrer\">Centro de Fotografia ESPM: Conhecidos de Vista<\/a> (jul\/2015)<br \/>\n<a href=\"https:\/\/www.works.io\/reviews\/7\/architecture-re-presented\" target=\"_blank\" rel=\"noopener noreferrer\">Works.io: Architecture (re)presented<\/a> (jun\/2015)<br \/>\n<a href=\"http:\/\/www.ppgav.eba.ufrj.br\/wp-content\/uploads\/2015\/03\/dossie-thalita.pdf\" target=\"_blank\" rel=\"noopener noreferrer\">Janelas: da passagem de tempo ao cotidiano compartilhado &#8211; Talitha Bueno Motter<\/a> (dec\/2013)<br \/>\n<a href=\"http:\/\/entretempos.blogfolha.uol.com.br\/2013\/06\/24\/conhecidos-de-vista\/\" target=\"_blank\" rel=\"noopener noreferrer\">Folha de SP &#8211; Entretempos:&nbsp;Conhecidos de Vista<\/a> (jun\/2013)<br \/>\n<a href=\"http:\/\/www.leticialampert.com.br\/textos\/entre-limiares-e-passagens-monica-zielinsky\/\" target=\"_blank\" rel=\"noopener noreferrer\">Entre limiares e passagens &#8211; M\u00f4nica Zielinsky<\/a> (jun\/2012)<br \/>\n<a href=\"http:\/\/issuu.com\/leticialampert\/docs\/artigo_talitha_bueno_motter_formata\" target=\"_blank\" rel=\"noopener noreferrer\">Let\u00edcia Lamper e Rafael Pagatini: produ\u00e7\u00f5es art\u00edsticas que estendem a percep\u00e7\u00e3o contempor\u00e2nea do tempo &#8211; Talitha Bueno Motter<\/a> (2011)<br \/>\n<a href=\"https:\/\/www.leticialampert.com.br\/en\/textos\/1301-2\/\" target=\"_blank\" rel=\"noopener noreferrer\">A scale of faith &#8211; Paula Ramos<\/a> (out\/2009)<br \/>\n<a href=\"https:\/\/www.leticialampert.com.br\/en\/textos\/as-cores-da-vida-oscar-dambrosio\/\">The Colors of Life &#8211; Oscar D\u00b4Ambrosio<\/a> (jul\/2009)<br \/>\n<a href=\"http:\/\/www.leticialampert.com.br\/textos\/visao-diferenciada-do-espaco-oscar-dambrosio\/\">A distinguished space vision &#8211;&nbsp;Oscar D\u00b4Ambrosio<\/a> (jul\/2009)<br \/>\n<a href=\"https:\/\/www.leticialampert.com.br\/en\/textos\/desconstrucoes-alexandre-santos\/\">Curatorial text for the solo exhibition (de)construction &#8211; Alexandre Santos <\/a>(may\/2008)<\/p>\n<p><strong>Written by me (portuguese only):<\/strong><\/p>\n<p><a href=\"http:\/\/www.seer.ufu.br\/index.php\/revistaestadodaarte\/article\/view\/57999\" target=\"_blank\" rel=\"noopener\">Afinal, livro por qu\u00ea?<\/a> (dec\/2020)<br \/>\n<a href=\"https:\/\/medium.com\/fotocronografias\/random-city-77f766c1c386\" target=\"_blank\" rel=\"noopener noreferrer\">Random City<\/a> (dec\/2019)<br \/>\n<a href=\"https:\/\/medium.com\/@leticialampert\/fotolivro-ou-livro-de-artista-eis-a-quest%C3%A3o-84dfb733cae8\" target=\"_blank\" rel=\"noopener noreferrer\">Fotolivro ou livro de artista, eis a quest\u00e3o.<\/a> (may\/2015)<br \/>\n<a href=\"http:\/\/www.leticialampert.com.br\/textos\/apresentacao-da-exposicao-conhecidos-de-vista\/\">Apresenta\u00e7\u00e3o da exposi\u00e7\u00e3o Conhecidos de Vista<\/a> (jul\/2013)<br \/>\n<a href=\"https:\/\/medium.com\/@ufmg\/conhecidos-de-vista-9648056fba22\" target=\"_blank\" rel=\"noopener noreferrer\">Conhecidos de Vista: a cidade e suas janelas indiscretas<\/a> (out\/2013)<br \/>\n<a href=\"http:\/\/seer.ufrgs.br\/RevistaValise\/article\/view\/26304\" target=\"_blank\" rel=\"noopener noreferrer\">Non-site-specific: o artista como etn\u00f3grafo de um n\u00e3o lugar<\/a> (dec\/2012)<br \/>\n<a href=\"https:\/\/issuu.com\/leticialampert\/docs\/urbe4_-_dez2012\" target=\"_blank\" rel=\"noopener noreferrer\">Apartamentos com vista&#8230; para onde?<\/a> (dec\/2012)<\/p>\n","protected":false},"excerpt":{"rendered":"<p>Selected Features and Reviews: Interview at Lens Culture:&nbsp;Known by Sight (Only) (feb\/2019) Os melhores fotolivros de 2018 &#8211; Revista Zum (dec\/2018) Conhecidos de Vista &#8211; Let\u00edcia Lampert &#8211; review no Blog do Juan Esteves (dec\/2018) Designboom:&nbsp;leticia lampert&#8217;s latest series creates a never-ending landscape mixing different cities (dec\/2017) Curatorial text for &hellip;<\/p>\n<div class=\"wrap-excerpt-more\"><a class=\"excerpt-more\" href=\"https:\/\/www.leticialampert.com.br\/en\/texts\/\">Read more<\/a><\/div>\n","protected":false},"author":1,"featured_media":0,"parent":0,"menu_order":0,"comment_status":"closed","ping_status":"closed","template":"template-loja.php","meta":{"footnotes":""},"class_list":["post-11","page","type-page","status-publish","hentry","post--no-featured-image"],"yoast_head":"<!-- This site is optimized with the Yoast SEO plugin v27.4 - https:\/\/yoast.com\/product\/yoast-seo-wordpress\/ -->\n<title>Texts<\/title>\n<meta name=\"description\" content=\"Selected Features and Reviews: Interview at Lens Culture:&nbsp;Known by Sight (Only) (feb\/2019) Os melhores fotolivros de 2018 - Revista Zum (dec\/2018) Conhecidos de Vista - Let\u00edcia Lampert - review no Blog do Juan Esteves (dec\/2018) Designboom:&nbsp;leticia lampert&#039;s latest series creates a never-ending landscape mixing different cities (dec\/2017) Curatorial text for the group exhibition We compliment&hellip;\" \/>\n<meta name=\"robots\" content=\"index, follow, max-snippet:-1, max-image-preview:large, max-video-preview:-1\" \/>\n<link rel=\"canonical\" href=\"\" \/>\n<meta property=\"og:locale\" content=\"en_US\" \/>\n<meta property=\"og:type\" content=\"article\" \/>\n<meta property=\"og:title\" content=\"Texts\" \/>\n<meta property=\"og:description\" content=\"Selected Features and Reviews: Interview at Lens Culture:&nbsp;Known by Sight (Only) (feb\/2019) Os melhores fotolivros de 2018 - Revista Zum (dec\/2018) Conhecidos de Vista - Let\u00edcia Lampert - review no Blog do Juan Esteves (dec\/2018) Designboom:&nbsp;leticia lampert&#039;s latest series creates a never-ending landscape mixing different cities (dec\/2017) Curatorial text for the group exhibition We compliment&hellip;\" \/>\n<meta property=\"og:url\" content=\"https:\/\/www.leticialampert.com.br\/en\/texts\/\" \/>\n<meta property=\"og:site_name\" content=\"LET\u00cdCIA LAMPERT\" \/>\n<meta property=\"article:publisher\" content=\"https:\/\/www.facebook.com\/leticia.lampert\" \/>\n<meta property=\"article:modified_time\" content=\"2026-02-25T21:05:47+00:00\" \/>\n<script type=\"application\/ld+json\" class=\"yoast-schema-graph\">{\"@context\":\"https:\\\/\\\/schema.org\",\"@graph\":[{\"@type\":\"WebPage\",\"@id\":\"https:\\\/\\\/www.leticialampert.com.br\\\/en\\\/texts\\\/\",\"url\":\"https:\\\/\\\/www.leticialampert.com.br\\\/en\\\/texts\\\/\",\"name\":\"Textos, Ensaios e Cr\u00edticas de Arte | Let\u00edcia Lampert\",\"isPartOf\":{\"@id\":\"https:\\\/\\\/www.leticialampert.com.br\\\/#website\"},\"datePublished\":\"2014-11-27T16:23:43+00:00\",\"dateModified\":\"2026-02-25T21:05:47+00:00\",\"description\":\"Leia textos escritos por Let\u00edcia Lampert e publica\u00e7\u00f5es sobre seu trabalho em arte, fotografia e paisagem urbana. Ensaios, entrevistas e cr\u00edticas reunidos aqui.\",\"breadcrumb\":{\"@id\":\"https:\\\/\\\/www.leticialampert.com.br\\\/en\\\/texts\\\/#breadcrumb\"},\"inLanguage\":\"en-US\",\"potentialAction\":[{\"@type\":\"ReadAction\",\"target\":[\"https:\\\/\\\/www.leticialampert.com.br\\\/en\\\/texts\\\/\"]}]},{\"@type\":\"BreadcrumbList\",\"@id\":\"https:\\\/\\\/www.leticialampert.com.br\\\/en\\\/texts\\\/#breadcrumb\",\"itemListElement\":[{\"@type\":\"ListItem\",\"position\":1,\"name\":\"Home\",\"item\":\"https:\\\/\\\/www.leticialampert.com.br\\\/\"},{\"@type\":\"ListItem\",\"position\":2,\"name\":\"Texts\"}]},{\"@type\":\"WebSite\",\"@id\":\"https:\\\/\\\/www.leticialampert.com.br\\\/en\\\/#website\",\"url\":\"https:\\\/\\\/www.leticialampert.com.br\\\/en\\\/\",\"name\":\"LET\u00cdCIA LAMPERT\",\"description\":\"Art | Photography\",\"publisher\":{\"@id\":\"https:\\\/\\\/www.leticialampert.com.br\\\/en\\\/#organization\"},\"potentialAction\":[{\"@type\":\"SearchAction\",\"target\":{\"@type\":\"EntryPoint\",\"urlTemplate\":\"https:\\\/\\\/www.leticialampert.com.br\\\/en\\\/?s={search_term_string}\"},\"query-input\":{\"@type\":\"PropertyValueSpecification\",\"valueRequired\":true,\"valueName\":\"search_term_string\"}}],\"inLanguage\":\"en-US\"},{\"@type\":\"Organization\",\"@id\":\"https:\\\/\\\/www.leticialampert.com.br\\\/en\\\/#organization\",\"name\":\"LET\u00cdCIA LAMPERT\",\"url\":\"https:\\\/\\\/www.leticialampert.com.br\\\/en\\\/\",\"logo\":{\"@type\":\"ImageObject\",\"inLanguage\":\"en-US\",\"@id\":\"https:\\\/\\\/www.leticialampert.com.br\\\/en\\\/#\\\/schema\\\/logo\\\/image\\\/\",\"url\":\"https:\\\/\\\/www.leticialampert.com.br\\\/wp-content\\\/uploads\\\/2016\\\/07\\\/leticia_site_g.jpg\",\"contentUrl\":\"https:\\\/\\\/www.leticialampert.com.br\\\/wp-content\\\/uploads\\\/2016\\\/07\\\/leticia_site_g.jpg\",\"width\":760,\"height\":160,\"caption\":\"LET\u00cdCIA LAMPERT\"},\"image\":{\"@id\":\"https:\\\/\\\/www.leticialampert.com.br\\\/en\\\/#\\\/schema\\\/logo\\\/image\\\/\"},\"sameAs\":[\"https:\\\/\\\/www.facebook.com\\\/leticia.lampert\",\"https:\\\/\\\/x.com\\\/lelampert\",\"https:\\\/\\\/vimeo.com\\\/lelampert\",\"https:\\\/\\\/br.pinterest.com\\\/lelampert\\\/\",\"https:\\\/\\\/br.linkedin.com\\\/in\\\/leticialampert\\\/\",\"https:\\\/\\\/www.instagram.com\\\/leticia.lampert\"]}]}<\/script>\n<!-- \/ Yoast SEO plugin. -->","yoast_head_json":{"title":"Texts","description":"Selected Features and Reviews: Interview at Lens Culture:&nbsp;Known by Sight (Only) (feb\/2019) Os melhores fotolivros de 2018 - Revista Zum (dec\/2018) Conhecidos de Vista - Let\u00edcia Lampert - review no Blog do Juan Esteves (dec\/2018) Designboom:&nbsp;leticia lampert's latest series creates a never-ending landscape mixing different cities (dec\/2017) Curatorial text for the group exhibition We compliment&hellip;","robots":{"index":"index","follow":"follow","max-snippet":"max-snippet:-1","max-image-preview":"max-image-preview:large","max-video-preview":"max-video-preview:-1"},"canonical":"Selected Features and Reviews: Interview at Lens Culture:&nbsp;Known by Sight (Only) (feb\/2019) Os melhores fotolivros de 2018 - Revista Zum (dec\/2018) Conhecidos de Vista - Let\u00edcia Lampert - review no Blog do Juan Esteves (dec\/2018) Designboom:&nbsp;leticia lampert's latest series creates a never-ending landscape mixing different cities (dec\/2017) Curatorial text for the group exhibition We compliment&hellip;","og_locale":"en_US","og_type":"article","og_title":"Texts","og_description":"Selected Features and Reviews: Interview at Lens Culture:&nbsp;Known by Sight (Only) (feb\/2019) Os melhores fotolivros de 2018 - Revista Zum (dec\/2018) Conhecidos de Vista - Let\u00edcia Lampert - review no Blog do Juan Esteves (dec\/2018) Designboom:&nbsp;leticia lampert's latest series creates a never-ending landscape mixing different cities (dec\/2017) Curatorial text for the group exhibition We compliment&hellip;","og_url":"https:\/\/www.leticialampert.com.br\/en\/texts\/","og_site_name":"LET\u00cdCIA LAMPERT","article_publisher":"https:\/\/www.facebook.com\/leticia.lampert","article_modified_time":"2026-02-25T21:05:47+00:00","schema":{"@context":"https:\/\/schema.org","@graph":[{"@type":"WebPage","@id":"https:\/\/www.leticialampert.com.br\/en\/texts\/","url":"https:\/\/www.leticialampert.com.br\/en\/texts\/","name":"Textos, Ensaios e Cr\u00edticas de Arte | Let\u00edcia Lampert","isPartOf":{"@id":"https:\/\/www.leticialampert.com.br\/#website"},"datePublished":"2014-11-27T16:23:43+00:00","dateModified":"2026-02-25T21:05:47+00:00","description":"Leia textos escritos por Let\u00edcia Lampert e publica\u00e7\u00f5es sobre seu trabalho em arte, fotografia e paisagem urbana. Ensaios, entrevistas e cr\u00edticas reunidos aqui.","breadcrumb":{"@id":"https:\/\/www.leticialampert.com.br\/en\/texts\/#breadcrumb"},"inLanguage":"en-US","potentialAction":[{"@type":"ReadAction","target":["https:\/\/www.leticialampert.com.br\/en\/texts\/"]}]},{"@type":"BreadcrumbList","@id":"https:\/\/www.leticialampert.com.br\/en\/texts\/#breadcrumb","itemListElement":[{"@type":"ListItem","position":1,"name":"Home","item":"https:\/\/www.leticialampert.com.br\/"},{"@type":"ListItem","position":2,"name":"Texts"}]},{"@type":"WebSite","@id":"https:\/\/www.leticialampert.com.br\/en\/#website","url":"https:\/\/www.leticialampert.com.br\/en\/","name":"LET\u00cdCIA LAMPERT","description":"Art | Photography","publisher":{"@id":"https:\/\/www.leticialampert.com.br\/en\/#organization"},"potentialAction":[{"@type":"SearchAction","target":{"@type":"EntryPoint","urlTemplate":"https:\/\/www.leticialampert.com.br\/en\/?s={search_term_string}"},"query-input":{"@type":"PropertyValueSpecification","valueRequired":true,"valueName":"search_term_string"}}],"inLanguage":"en-US"},{"@type":"Organization","@id":"https:\/\/www.leticialampert.com.br\/en\/#organization","name":"LET\u00cdCIA LAMPERT","url":"https:\/\/www.leticialampert.com.br\/en\/","logo":{"@type":"ImageObject","inLanguage":"en-US","@id":"https:\/\/www.leticialampert.com.br\/en\/#\/schema\/logo\/image\/","url":"https:\/\/www.leticialampert.com.br\/wp-content\/uploads\/2016\/07\/leticia_site_g.jpg","contentUrl":"https:\/\/www.leticialampert.com.br\/wp-content\/uploads\/2016\/07\/leticia_site_g.jpg","width":760,"height":160,"caption":"LET\u00cdCIA LAMPERT"},"image":{"@id":"https:\/\/www.leticialampert.com.br\/en\/#\/schema\/logo\/image\/"},"sameAs":["https:\/\/www.facebook.com\/leticia.lampert","https:\/\/x.com\/lelampert","https:\/\/vimeo.com\/lelampert","https:\/\/br.pinterest.com\/lelampert\/","https:\/\/br.linkedin.com\/in\/leticialampert\/","https:\/\/www.instagram.com\/leticia.lampert"]}]}},"_links":{"self":[{"href":"https:\/\/www.leticialampert.com.br\/en\/wp-json\/wp\/v2\/pages\/11","targetHints":{"allow":["GET"]}}],"collection":[{"href":"https:\/\/www.leticialampert.com.br\/en\/wp-json\/wp\/v2\/pages"}],"about":[{"href":"https:\/\/www.leticialampert.com.br\/en\/wp-json\/wp\/v2\/types\/page"}],"author":[{"embeddable":true,"href":"https:\/\/www.leticialampert.com.br\/en\/wp-json\/wp\/v2\/users\/1"}],"replies":[{"embeddable":true,"href":"https:\/\/www.leticialampert.com.br\/en\/wp-json\/wp\/v2\/comments?post=11"}],"version-history":[{"count":4,"href":"https:\/\/www.leticialampert.com.br\/en\/wp-json\/wp\/v2\/pages\/11\/revisions"}],"predecessor-version":[{"id":4346,"href":"https:\/\/www.leticialampert.com.br\/en\/wp-json\/wp\/v2\/pages\/11\/revisions\/4346"}],"wp:attachment":[{"href":"https:\/\/www.leticialampert.com.br\/en\/wp-json\/wp\/v2\/media?parent=11"}],"curies":[{"name":"wp","href":"https:\/\/api.w.org\/{rel}","templated":true}]}}